{"id":3246,"date":"2021-07-26T08:24:29","date_gmt":"2021-07-26T08:24:29","guid":{"rendered":"https:\/\/positive-force.com\/?page_id=3246"},"modified":"2024-09-03T14:08:30","modified_gmt":"2024-09-03T12:08:30","slug":"ueber-mich","status":"publish","type":"page","link":"https:\/\/positive-force.com\/de\/ueber-mich\/","title":{"rendered":"\u00dcber mich"},"content":{"rendered":"<div class=\"wpb-content-wrapper\"><p>[vc_row][vc_column][vc_empty_space][vc_single_image image=&#8220;3251&#8243; img_size=&#8220;full&#8220; alignment=&#8220;center&#8220;][vc_empty_space][\/vc_column][\/vc_row][vc_row inverse=&#8220;&#8220;][vc_column][vc_tta_tour style=&#8220;modern&#8220; color=&#8220;white&#8220; spacing=&#8220;4&#8243; gap=&#8220;4&#8243; active_section=&#8220;1&#8243;][vc_tta_section title=&#8220;Meine Ausbildung&#8220; tab_id=&#8220;1621005594127-7c406440-6f9402eb-c3ee&#8220;][vc_column_text]<\/p>\n<ul>\n<li>Ausbildung zum ganzheitlichen <strong>Lebens-, Karriere- und Executive Coach<\/strong>, Goal Imagery Institute (2021\/2022)<\/li>\n<\/ul>\n<ul>\n<li><strong>Interuniversit\u00e4res Diplom<\/strong>, Genetische Krankheiten &#8211; transdisziplin\u00e4re Ans\u00e4tze, Universit\u00e4t Paris (von Januar bis November 2020)<\/li>\n<li><strong>Wingwave Coaching<\/strong> \u00ae Ausbildung, Paris (Juli 2020)<\/li>\n<li><strong>Master (MSc) Internationale Positive Psychologie<\/strong>, Anglia Ruskin University, Cambridge UK (2017\/ 2018)<\/li>\n<li><strong>Master 1 Gesundheitspsychologie<\/strong>, Universit\u00e4t Paris Descartes (2017\/2018)<\/li>\n<li><strong>Bachelor in Psychologie (BSc<\/strong>), Universit\u00e4t Freiburg (Abschluss 2015)<\/li>\n<\/ul>\n<p>[\/vc_column_text][\/vc_tta_section][vc_tta_section title=&#8220;Meine beruflichen Erfahrungen&#8220; tab_id=&#8220;1621005594135-5ac948a4-cab302eb-c3ee&#8220;][vc_column_text]<\/p>\n<ul>\n<li>Psychologin und Referentin, spezialisiert in Positiver Psychologie, Positiver P\u00e4dagogik und Gesundheitspsychologie &#8211; Coaching von Jugendlichen, jungen Erwachsenen, Erwachsenen in Orientierung, Wohlbefinden, Selbstvertrauen etc., Paris \/ online (seit 2019)<\/li>\n<li>Aushilfsdozentin am Pierre Janet Zentrum (Universit\u00e4t Lothringen) &amp; Master in Gesundheitspsychologie, Paris Descartes (seit 2019)<br \/>\nMitarbeiterin und Trainerin f\u00fcr Positran &#8211; Psychologie der Transformation (seit 2018)<\/li>\n<li>Projektassistentin &#8211; Marktforschung, SwissSkills 2018 &#8211; Schweizermeisterschaften der Berufe (2018 &#8211; 2020)<\/li>\n<li>Wissenschaftlicher Mitarbeiter &#8211; Forschungsinstitut SwissEducation von Emerita Prof. und Dir. M. STAMM und Dr. F. TEMPLER &#8211; P\u00e4dagogische Hochschule Bern (2013 &#8211; 2016)<\/li>\n<li>Eiskunstlauf-Trainer (2010-2012)<\/li>\n<\/ul>\n<p>[\/vc_column_text][\/vc_tta_section][vc_tta_section title=&#8220;Praktika&#8220; tab_id=&#8220;1621005643198-bcbc879b-633d02eb-c3ee&#8220;][vc_column_text]<\/p>\n<ul>\n<li><strong>Praktikantin <\/strong>in positiver Psychologie, Positran, Ep\u00f4ne (2017\/18)<\/li>\n<li><strong>Forschungspraktikantin <\/strong>in Psycho-Onkologie und Onko-Genetik, Institut Curie Paris (2016\/17)<\/li>\n<li><strong>Forschungspraktikum <\/strong>in der Allgemeinen Psychologie, Prof. Veronica Brandst\u00e4tter-Morawietz (2012)<\/li>\n<li><strong>Praktikantin <\/strong>Assistenzlehrerin Maria Montessori Grundschule, Z\u00fcrich (2011)<\/li>\n<\/ul>\n<p>[\/vc_column_text][\/vc_tta_section][vc_tta_section title=&#8220;Mein Ansatz&#8220; tab_id=&#8220;1621949482165-7ebd8da3-91eb02eb-c3ee&#8220;][vc_column_text]Meine Doppelrolle als &#8222;Psychologe&#8220; und &#8222;Coach&#8220; sowie meine Lernbegierde erm\u00f6gliche es mir, in meinem Coaching einen integrativen Ansatz zu verfolgen, der auf den wissenschaftlichen Grundlagen und Werkzeugen \u2026<\/p>\n<ul>\n<li>der Positiven Psychologie<\/li>\n<li>der Positiven Erziehung<\/li>\n<li>des Life Coachings<\/li>\n<li>des Sportcoachings<\/li>\n<li>der Gesundheitspsychologie sowie<\/li>\n<li>der Neurowissenschaften<br \/>\n&#8230; basiert.<\/li>\n<\/ul>\n<p>Wie jeder professionelle Coach verf\u00fcge ich \u00fcber einen Werkzeugkasten, den ich st\u00e4ndig erg\u00e4nze und bei Bedarf einsetze. Dennoch bin ich davon \u00fcberzeugt, dass das erste Werkzeug meine eigene Haltung als Vermittlerin ist; mit anderen Worten, mein Wissen und mein Know-how. Ich bin sehr dankbar daf\u00fcr, dass meine t\u00e4gliche Arbeit mit meinen am meisten ausgepr\u00e4gten St\u00e4rken im Einklang steht und ich mich daher entfalten kann.<\/p>\n<p>Ich w\u00fcrde mich als folgende Psychologin und Coach beschreiben:<\/p>\n<ul>\n<li><strong>Enthusiastisch:<\/strong> Ich bin (fast) immer gut gelaunt, dynamisch, leidenschaftlich f\u00fcr das Wohlbefinden und die pers\u00f6nliche Entwicklung eines jeden.<\/li>\n<li><strong>Wohlwollend:<\/strong> Ich wei\u00df, wie ich mich mit Ruhe und Gro\u00dfz\u00fcgigkeit an die verschiedenen gegebenen Situationen anpassen kann.<\/li>\n<li><strong>Kreativ:<\/strong> Ich helfe Menschen, sich auszudr\u00fccken und ihren Weg zu finden, indem ich meine Vorstellungskraft und meine Verspieltheit einsetze.<\/li>\n<li><strong>Einf\u00fchlsam:<\/strong> Es ist mir wichtig, den Dingen mit Feingef\u00fchl auf den Grund zu gehen, um die wahren Motivationen, Gef\u00fchle und Bed\u00fcrfnisse der Menschen zu verstehen.<\/li>\n<li><strong>Effizient:<\/strong> Ich verliere nie Zeit, um etwas anzufangen, und erreiche meine Ziele dank meiner Planungsf\u00e4higkeit und strukturierten Pers\u00f6nlichkeit.<\/li>\n<\/ul>\n<p>[\/vc_column_text][\/vc_tta_section][\/vc_tta_tour][\/vc_column][\/vc_row][vc_row][vc_column][vc_empty_space][vc_single_image image=&#8220;3686&#8243; img_size=&#8220;full&#8220; css=&#8220;&#8220;][vc_empty_space][\/vc_column][\/vc_row]<\/p>\n<\/div>","protected":false},"excerpt":{"rendered":"<p>[vc_row][vc_column][vc_empty_space][vc_single_image image=&#8220;3251&#8243; img_size=&#8220;full&#8220; alignment=&#8220;center&#8220;][vc_empty_space][\/vc_column][\/vc_row][vc_row inverse=&#8220;&#8220;][vc_column][vc_tta_tour style=&#8220;modern&#8220; color=&#8220;white&#8220; spacing=&#8220;4&#8243; gap=&#8220;4&#8243; active_section=&#8220;1&#8243;][vc_tta_section title=&#8220;Meine Ausbildung&#8220; tab_id=&#8220;1621005594127-7c406440-6f9402eb-c3ee&#8220;][vc_column_text] Ausbildung zum ganzheitlichen Lebens-, Karriere- und Executive Coach, Goal Imagery Institute (2021\/2022) Interuniversit\u00e4res Diplom, Genetische Krankheiten &#8211; [&hellip;]<\/p>\n","protected":false},"author":990003,"featured_media":0,"parent":0,"menu_order":0,"comment_status":"closed","ping_status":"closed","template":"","meta":{"footnotes":""},"class_list":["post-3246","page","type-page","status-publish","hentry"],"yoast_head":"<!-- This site is optimized with the Yoast SEO plugin v27.4 - https:\/\/yoast.com\/product\/yoast-seo-wordpress\/ -->\n<title>\u00dcber mich - Positive Force<\/title>\n<meta name=\"robots\" content=\"index, follow, max-snippet:-1, max-image-preview:large, max-video-preview:-1\" \/>\n<link rel=\"canonical\" href=\"https:\/\/positive-force.com\/de\/ueber-mich\/\" \/>\n<meta property=\"og:locale\" content=\"de_DE\" \/>\n<meta property=\"og:type\" content=\"article\" \/>\n<meta property=\"og:title\" content=\"\u00dcber mich - Positive Force\" \/>\n<meta property=\"og:description\" content=\"[vc_row][vc_column][vc_empty_space][vc_single_image image=&#8220;3251&#8243; img_size=&#8220;full&#8220; alignment=&#8220;center&#8220;][vc_empty_space][\/vc_column][\/vc_row][vc_row inverse=&#8220;&#8220;][vc_column][vc_tta_tour style=&#8220;modern&#8220; color=&#8220;white&#8220; spacing=&#8220;4&#8243; gap=&#8220;4&#8243; active_section=&#8220;1&#8243;][vc_tta_section title=&#8220;Meine Ausbildung&#8220; tab_id=&#8220;1621005594127-7c406440-6f9402eb-c3ee&#8220;][vc_column_text] Ausbildung zum ganzheitlichen Lebens-, Karriere- und Executive Coach, Goal Imagery Institute (2021\/2022) Interuniversit\u00e4res Diplom, Genetische Krankheiten &#8211; [&hellip;]\" \/>\n<meta property=\"og:url\" content=\"https:\/\/positive-force.com\/de\/ueber-mich\/\" \/>\n<meta property=\"og:site_name\" content=\"Positive Force\" \/>\n<meta property=\"article:modified_time\" content=\"2024-09-03T12:08:30+00:00\" \/>\n<meta name=\"twitter:card\" content=\"summary_large_image\" \/>\n<meta name=\"twitter:label1\" content=\"Gesch\u00e4tzte Lesezeit\" \/>\n\t<meta name=\"twitter:data1\" content=\"2\u00a0Minuten\" \/>\n<script type=\"application\/ld+json\" class=\"yoast-schema-graph\">{\"@context\":\"https:\\\/\\\/schema.org\",\"@graph\":[{\"@type\":\"WebPage\",\"@id\":\"https:\\\/\\\/positive-force.com\\\/de\\\/ueber-mich\\\/\",\"url\":\"https:\\\/\\\/positive-force.com\\\/de\\\/ueber-mich\\\/\",\"name\":\"\u00dcber mich - Positive Force\",\"isPartOf\":{\"@id\":\"https:\\\/\\\/positive-force.com\\\/de\\\/#website\"},\"datePublished\":\"2021-07-26T08:24:29+00:00\",\"dateModified\":\"2024-09-03T12:08:30+00:00\",\"breadcrumb\":{\"@id\":\"https:\\\/\\\/positive-force.com\\\/de\\\/ueber-mich\\\/#breadcrumb\"},\"inLanguage\":\"de\",\"potentialAction\":[{\"@type\":\"ReadAction\",\"target\":[\"https:\\\/\\\/positive-force.com\\\/de\\\/ueber-mich\\\/\"]}]},{\"@type\":\"BreadcrumbList\",\"@id\":\"https:\\\/\\\/positive-force.com\\\/de\\\/ueber-mich\\\/#breadcrumb\",\"itemListElement\":[{\"@type\":\"ListItem\",\"position\":1,\"name\":\"Accueil\",\"item\":\"https:\\\/\\\/positive-force.com\\\/de\\\/\"},{\"@type\":\"ListItem\",\"position\":2,\"name\":\"\u00dcber mich\"}]},{\"@type\":\"WebSite\",\"@id\":\"https:\\\/\\\/positive-force.com\\\/de\\\/#website\",\"url\":\"https:\\\/\\\/positive-force.com\\\/de\\\/\",\"name\":\"Positive Force\",\"description\":\"\",\"publisher\":{\"@id\":\"https:\\\/\\\/positive-force.com\\\/de\\\/#organization\"},\"potentialAction\":[{\"@type\":\"SearchAction\",\"target\":{\"@type\":\"EntryPoint\",\"urlTemplate\":\"https:\\\/\\\/positive-force.com\\\/de\\\/?s={search_term_string}\"},\"query-input\":{\"@type\":\"PropertyValueSpecification\",\"valueRequired\":true,\"valueName\":\"search_term_string\"}}],\"inLanguage\":\"de\"},{\"@type\":\"Organization\",\"@id\":\"https:\\\/\\\/positive-force.com\\\/de\\\/#organization\",\"name\":\"Positive Force\",\"url\":\"https:\\\/\\\/positive-force.com\\\/de\\\/\",\"logo\":{\"@type\":\"ImageObject\",\"inLanguage\":\"de\",\"@id\":\"https:\\\/\\\/positive-force.com\\\/de\\\/#\\\/schema\\\/logo\\\/image\\\/\",\"url\":\"https:\\\/\\\/positive-force.com\\\/wp-content\\\/uploads\\\/2021\\\/05\\\/Positive-Force-Logo-RVB.png\",\"contentUrl\":\"https:\\\/\\\/positive-force.com\\\/wp-content\\\/uploads\\\/2021\\\/05\\\/Positive-Force-Logo-RVB.png\",\"width\":2362,\"height\":1068,\"caption\":\"Positive Force\"},\"image\":{\"@id\":\"https:\\\/\\\/positive-force.com\\\/de\\\/#\\\/schema\\\/logo\\\/image\\\/\"}}]}<\/script>\n<!-- \/ Yoast SEO plugin. -->","yoast_head_json":{"title":"\u00dcber mich - Positive Force","robots":{"index":"index","follow":"follow","max-snippet":"max-snippet:-1","max-image-preview":"max-image-preview:large","max-video-preview":"max-video-preview:-1"},"canonical":"https:\/\/positive-force.com\/de\/ueber-mich\/","og_locale":"de_DE","og_type":"article","og_title":"\u00dcber mich - Positive Force","og_description":"[vc_row][vc_column][vc_empty_space][vc_single_image image=&#8220;3251&#8243; img_size=&#8220;full&#8220; alignment=&#8220;center&#8220;][vc_empty_space][\/vc_column][\/vc_row][vc_row inverse=&#8220;&#8220;][vc_column][vc_tta_tour style=&#8220;modern&#8220; color=&#8220;white&#8220; spacing=&#8220;4&#8243; gap=&#8220;4&#8243; active_section=&#8220;1&#8243;][vc_tta_section title=&#8220;Meine Ausbildung&#8220; tab_id=&#8220;1621005594127-7c406440-6f9402eb-c3ee&#8220;][vc_column_text] Ausbildung zum ganzheitlichen Lebens-, Karriere- und Executive Coach, Goal Imagery Institute (2021\/2022) Interuniversit\u00e4res Diplom, Genetische Krankheiten &#8211; [&hellip;]","og_url":"https:\/\/positive-force.com\/de\/ueber-mich\/","og_site_name":"Positive Force","article_modified_time":"2024-09-03T12:08:30+00:00","twitter_card":"summary_large_image","twitter_misc":{"Gesch\u00e4tzte Lesezeit":"2\u00a0Minuten"},"schema":{"@context":"https:\/\/schema.org","@graph":[{"@type":"WebPage","@id":"https:\/\/positive-force.com\/de\/ueber-mich\/","url":"https:\/\/positive-force.com\/de\/ueber-mich\/","name":"\u00dcber mich - Positive Force","isPartOf":{"@id":"https:\/\/positive-force.com\/de\/#website"},"datePublished":"2021-07-26T08:24:29+00:00","dateModified":"2024-09-03T12:08:30+00:00","breadcrumb":{"@id":"https:\/\/positive-force.com\/de\/ueber-mich\/#breadcrumb"},"inLanguage":"de","potentialAction":[{"@type":"ReadAction","target":["https:\/\/positive-force.com\/de\/ueber-mich\/"]}]},{"@type":"BreadcrumbList","@id":"https:\/\/positive-force.com\/de\/ueber-mich\/#breadcrumb","itemListElement":[{"@type":"ListItem","position":1,"name":"Accueil","item":"https:\/\/positive-force.com\/de\/"},{"@type":"ListItem","position":2,"name":"\u00dcber mich"}]},{"@type":"WebSite","@id":"https:\/\/positive-force.com\/de\/#website","url":"https:\/\/positive-force.com\/de\/","name":"Positive Force","description":"","publisher":{"@id":"https:\/\/positive-force.com\/de\/#organization"},"potentialAction":[{"@type":"SearchAction","target":{"@type":"EntryPoint","urlTemplate":"https:\/\/positive-force.com\/de\/?s={search_term_string}"},"query-input":{"@type":"PropertyValueSpecification","valueRequired":true,"valueName":"search_term_string"}}],"inLanguage":"de"},{"@type":"Organization","@id":"https:\/\/positive-force.com\/de\/#organization","name":"Positive Force","url":"https:\/\/positive-force.com\/de\/","logo":{"@type":"ImageObject","inLanguage":"de","@id":"https:\/\/positive-force.com\/de\/#\/schema\/logo\/image\/","url":"https:\/\/positive-force.com\/wp-content\/uploads\/2021\/05\/Positive-Force-Logo-RVB.png","contentUrl":"https:\/\/positive-force.com\/wp-content\/uploads\/2021\/05\/Positive-Force-Logo-RVB.png","width":2362,"height":1068,"caption":"Positive Force"},"image":{"@id":"https:\/\/positive-force.com\/de\/#\/schema\/logo\/image\/"}}]}},"_links":{"self":[{"href":"https:\/\/positive-force.com\/de\/wp-json\/wp\/v2\/pages\/3246","targetHints":{"allow":["GET"]}}],"collection":[{"href":"https:\/\/positive-force.com\/de\/wp-json\/wp\/v2\/pages"}],"about":[{"href":"https:\/\/positive-force.com\/de\/wp-json\/wp\/v2\/types\/page"}],"author":[{"embeddable":true,"href":"https:\/\/positive-force.com\/de\/wp-json\/wp\/v2\/users\/990003"}],"replies":[{"embeddable":true,"href":"https:\/\/positive-force.com\/de\/wp-json\/wp\/v2\/comments?post=3246"}],"version-history":[{"count":5,"href":"https:\/\/positive-force.com\/de\/wp-json\/wp\/v2\/pages\/3246\/revisions"}],"predecessor-version":[{"id":3713,"href":"https:\/\/positive-force.com\/de\/wp-json\/wp\/v2\/pages\/3246\/revisions\/3713"}],"wp:attachment":[{"href":"https:\/\/positive-force.com\/de\/wp-json\/wp\/v2\/media?parent=3246"}],"curies":[{"name":"wp","href":"https:\/\/api.w.org\/{rel}","templated":true}]}}