{"id":3232,"date":"2016-03-09T09:53:56","date_gmt":"2016-03-09T07:53:56","guid":{"rendered":"https:\/\/positive-force.com\/?page_id=3232"},"modified":"2024-09-03T14:56:10","modified_gmt":"2024-09-03T12:56:10","slug":"home","status":"publish","type":"page","link":"https:\/\/positive-force.com\/de\/","title":{"rendered":"Home"},"content":{"rendered":"<div class=\"wpb-content-wrapper\"><p>[vc_row full_width=&#8220;stretch_row&#8220; inverse=&#8220;&#8220; css=&#8220;.vc_custom_1619183305486{background-color: #ffffff !important;}&#8220;][vc_column]<div class=\"sc_section scheme_original aligncenter\" style=\"color:#3063ad;font-size:12px; line-height: 1.3em;\"><div class=\"sc_section_inner\"><div class=\"sc_section_content_wrap\"><h1 class=\"sc_title sc_title_regular sc_align_center\" style=\"````text-align:center;\"><span style=\"color: #3063ad;\">Lassen Sie sich f\u00fcr eine positive Ver\u00e4nderung begleiten<\/span><\/h1><\/div><\/div><\/div>[vc_empty_space height=&#8220;50px&#8220;][vc_column_text]<\/p>\n<p style=\"text-align: center;\">Coaching ist keine Beratung oder Therapie.<br \/>\nEs ist eine Begleitung bei Ver\u00e4nderungen, um Ihre pers\u00f6nlichen oder beruflichen Ziele zu erreichen.<\/p>\n<p style=\"text-align: center;\">Erfahren Sie mehr \u00fcber die verschiedenen Arten von Coaching, die angeboten werden:<\/p>\n<p>[\/vc_column_text]<div class=\"sc_section margin_top_huge margin_bottom_large\" style=\"font-size:12px; line-height: 1.3em;\"><div class=\"sc_section_inner\"><div class=\"sc_section_content_wrap\"><\/div><\/div><\/div><div id=\"sc_services_484969709_wrap\" class=\"sc_services_wrap scheme_original\"><div id=\"sc_services_484969709\" class=\"sc_services sc_services_style_services-3 sc_services_type_images  aligncenter\" style=\"width:100%;\"><div class=\"sc_columns columns_wrap\"><div class=\"column-1_3 column_padding_bottom\">\t\t\t<div id=\"sc_services_484969709_1\"\t\t\t\tclass=\"sc_services_item sc_services_item_1 odd first\"\n\t\t\t\t>\n\t\t\t\t<a href=\"https:\/\/positive-force.com\/de\/services\/coaching-von-jugendlichen-und-jungen-erwachsenen\/\">\t\t\t\t\t<div class=\"sc_services_item_featured post_featured\">\n\t\t\t\t\t\t\t<div class=\"post_thumb\" data-image=\"https:\/\/positive-force.com\/wp-content\/uploads\/2016\/03\/coaching-ado.jpg\" data-title=\"Coaching von Jugendlichen und jungen Erwachsenen (12 \u2013 25 Jahre)\">\n\t<a class=\"hover_icon hover_icon_link\" href=\"https:\/\/positive-force.com\/de\/services\/coaching-von-jugendlichen-und-jungen-erwachsenen\/\"><img loading=\"lazy\" decoding=\"async\" class=\"wp-post-image\" width=\"370\" height=\"370\" alt=\"Coaching von Jugendlichen und jungen Erwachsenen (12 \u2013 25 Jahre)\" src=\"https:\/\/positive-force.com\/wp-content\/uploads\/2016\/03\/coaching-ado-370x370.jpg\"><\/a>\t<\/div>\n\t\t\t\t\t\t<\/div>\n\t\t\t\t\t<h4 class=\"sc_services_item_title\">Coaching von Jugendlichen und jungen Erwachsenen (12 \u2013 25 Jahre)<\/h4><\/a>                    <div class=\"sc_services_item_description\">\n                                            <\/div>\n\t\t\t<\/div>\n\t\t<\/div><div class=\"column-1_3 column_padding_bottom\">\t\t\t<div id=\"sc_services_484969709_2\"\t\t\t\tclass=\"sc_services_item sc_services_item_2 even\"\n\t\t\t\t>\n\t\t\t\t<a href=\"https:\/\/positive-force.com\/de\/services\/life-coaching-fuer-erwachsene\/\">\t\t\t\t\t<div class=\"sc_services_item_featured post_featured\">\n\t\t\t\t\t\t\t<div class=\"post_thumb\" data-image=\"https:\/\/positive-force.com\/wp-content\/uploads\/2016\/03\/coaching-vie-adultes.jpg\" data-title=\"Life-Coaching f\u00fcr Erwachsene\">\n\t<a class=\"hover_icon hover_icon_link\" href=\"https:\/\/positive-force.com\/de\/services\/life-coaching-fuer-erwachsene\/\"><img loading=\"lazy\" decoding=\"async\" class=\"wp-post-image\" width=\"370\" height=\"370\" alt=\"Life-Coaching f\u00fcr Erwachsene\" src=\"https:\/\/positive-force.com\/wp-content\/uploads\/2016\/03\/coaching-vie-adultes-370x370.jpg\"><\/a>\t<\/div>\n\t\t\t\t\t\t<\/div>\n\t\t\t\t\t<h4 class=\"sc_services_item_title\">Life-Coaching f\u00fcr Erwachsene<\/h4><\/a>                    <div class=\"sc_services_item_description\">\n                                            <\/div>\n\t\t\t<\/div>\n\t\t<\/div><div class=\"column-1_3 column_padding_bottom\">\t\t\t<div id=\"sc_services_484969709_3\"\t\t\t\tclass=\"sc_services_item sc_services_item_3 odd\"\n\t\t\t\t>\n\t\t\t\t<a href=\"https:\/\/positive-force.com\/de\/services\/mentaltraining-fuer-junge-sportler\/\">\t\t\t\t\t<div class=\"sc_services_item_featured post_featured\">\n\t\t\t\t\t\t\t<div class=\"post_thumb\" data-image=\"https:\/\/positive-force.com\/wp-content\/uploads\/2016\/03\/coaching-sportif.jpg\" data-title=\"Mentaltraining f\u00fcr (junge) Sportler\">\n\t<a class=\"hover_icon hover_icon_link\" href=\"https:\/\/positive-force.com\/de\/services\/mentaltraining-fuer-junge-sportler\/\"><img loading=\"lazy\" decoding=\"async\" class=\"wp-post-image\" width=\"370\" height=\"370\" alt=\"Mentaltraining f\u00fcr (junge) Sportler\" src=\"https:\/\/positive-force.com\/wp-content\/uploads\/2016\/03\/coaching-sportif-370x370.jpg\"><\/a>\t<\/div>\n\t\t\t\t\t\t<\/div>\n\t\t\t\t\t<h4 class=\"sc_services_item_title\">Mentaltraining f\u00fcr (junge) Sportler<\/h4><\/a>                    <div class=\"sc_services_item_description\">\n                                            <\/div>\n\t\t\t<\/div>\n\t\t<\/div><\/div><\/div><!-- \/.sc_services --><\/div><!-- \/.sc_services_wrap --><div id=\"sc_services_1035949870_wrap\" class=\"sc_services_wrap\"><div id=\"sc_services_1035949870\" class=\"sc_services sc_services_style_services-3 sc_services_type_images \" style=\"width:100%;\"><div class=\"sc_columns columns_wrap\"><div class=\"column-1_3 column_padding_bottom\">\t\t\t<div id=\"sc_services_1035949870_1\"\t\t\t\tclass=\"sc_services_item sc_services_item_1 odd first\"\n\t\t\t\t>\n\t\t\t\t<a href=\"https:\/\/positive-force.com\/de\/services\/gesundheits-und-wohlbefinden-coaching\/\">\t\t\t\t\t<div class=\"sc_services_item_featured post_featured\">\n\t\t\t\t\t\t\t<div class=\"post_thumb\" data-image=\"https:\/\/positive-force.com\/wp-content\/uploads\/2016\/03\/coaching-chronique.jpg\" data-title=\"Gesundheits- und Wohlbefinden-Coaching\">\n\t<a class=\"hover_icon hover_icon_link\" href=\"https:\/\/positive-force.com\/de\/services\/gesundheits-und-wohlbefinden-coaching\/\"><img loading=\"lazy\" decoding=\"async\" class=\"wp-post-image\" width=\"370\" height=\"370\" alt=\"Gesundheits- und Wohlbefinden-Coaching\" src=\"https:\/\/positive-force.com\/wp-content\/uploads\/2016\/03\/coaching-chronique-370x370.jpg\"><\/a>\t<\/div>\n\t\t\t\t\t\t<\/div>\n\t\t\t\t\t<h4 class=\"sc_services_item_title\">Gesundheits- und Wohlbefinden-Coaching<\/h4><\/a>                    <div class=\"sc_services_item_description\">\n                                            <\/div>\n\t\t\t<\/div>\n\t\t<\/div><div class=\"column-1_3 column_padding_bottom\">\t\t\t<div id=\"sc_services_1035949870_2\"\t\t\t\tclass=\"sc_services_item sc_services_item_2 even\"\n\t\t\t\t>\n\t\t\t\t<a href=\"https:\/\/positive-force.com\/de\/services\/psychologische-unterstuetzung\/\">\t\t\t\t\t<div class=\"sc_services_item_featured post_featured\">\n\t\t\t\t\t\t\t<div class=\"post_thumb\" data-image=\"https:\/\/positive-force.com\/wp-content\/uploads\/2021\/04\/soutien-psychologique.jpg\" data-title=\"Psychologische Unterst\u00fctzung\">\n\t<a class=\"hover_icon hover_icon_link\" href=\"https:\/\/positive-force.com\/de\/services\/psychologische-unterstuetzung\/\"><img loading=\"lazy\" decoding=\"async\" class=\"wp-post-image\" width=\"370\" height=\"370\" alt=\"Psychologische Unterst\u00fctzung\" src=\"https:\/\/positive-force.com\/wp-content\/uploads\/2021\/04\/soutien-psychologique-370x370.jpg\"><\/a>\t<\/div>\n\t\t\t\t\t\t<\/div>\n\t\t\t\t\t<h4 class=\"sc_services_item_title\">Psychologische Unterst\u00fctzung<\/h4><\/a>                    <div class=\"sc_services_item_description\">\n                                            <\/div>\n\t\t\t<\/div>\n\t\t<\/div><div class=\"column-1_3 column_padding_bottom\">\t\t\t<div id=\"sc_services_1035949870_3\"\t\t\t\tclass=\"sc_services_item sc_services_item_3 odd\"\n\t\t\t\t>\n\t\t\t\t<a href=\"https:\/\/positive-force.com\/de\/services\/wingwave-das-befluegende-kurzzeitcoaching\/\">\t\t\t\t\t<div class=\"sc_services_item_featured post_featured\">\n\t\t\t\t\t\t\t<div class=\"post_thumb\" data-image=\"https:\/\/positive-force.com\/wp-content\/uploads\/2021\/03\/woaching-wingwave.jpg\" data-title=\"Wingwave \u00ae Das befl\u00fcgende Kurzzeitcoaching\">\n\t<a class=\"hover_icon hover_icon_link\" href=\"https:\/\/positive-force.com\/de\/services\/wingwave-das-befluegende-kurzzeitcoaching\/\"><img loading=\"lazy\" decoding=\"async\" class=\"wp-post-image\" width=\"370\" height=\"370\" alt=\"Wingwave \u00ae Das befl\u00fcgende Kurzzeitcoaching\" src=\"https:\/\/positive-force.com\/wp-content\/uploads\/2021\/03\/woaching-wingwave-370x370.jpg\"><\/a>\t<\/div>\n\t\t\t\t\t\t<\/div>\n\t\t\t\t\t<h4 class=\"sc_services_item_title\">Wingwave \u00ae Das befl\u00fcgende Kurzzeitcoaching<\/h4><\/a>                    <div class=\"sc_services_item_description\">\n                                            <\/div>\n\t\t\t<\/div>\n\t\t<\/div><\/div><\/div><!-- \/.sc_services --><\/div><!-- \/.sc_services_wrap -->[\/vc_column][\/vc_row][vc_row full_width=&#8220;stretch_row&#8220; inverse=&#8220;&#8220; css=&#8220;.vc_custom_1621937131591{background-color: #f2f8f8 !important;}&#8220;][vc_column]<div class=\"sc_section aligncenter\" style=\"font-size:12px; line-height: 1.3em;\"><div class=\"sc_section_inner\"><div class=\"sc_section_content_wrap\"><h1 class=\"sc_title sc_title_regular sc_align_center\" style=\"````text-align:center;\"><span style=\"color: #3063ad;\">Finden Sie die Leistung, die Ihren Bed\u00fcrfnissen entspricht<\/span><\/h1><\/div><\/div><\/div>[vc_empty_space][vc_column_text]<\/p>\n<p style=\"text-align: center;\">M\u00f6chten Sie in Ihrem Leben vorankommen, sich selbst besser kennen lernen und sich durch die Arbeit an sich selbst entfalten, w\u00e4hrend Sie von einer Fachkraft f\u00fcr positive Psychologie betreut werden?<br \/>\nM\u00f6chten Sie pers\u00f6nliche Entwicklungspraktiken anwenden und gleichzeitig mit anderen Menschen in Kontakt kommen?<\/p>\n<p style=\"text-align: center;\">Positive Force bietet Ihnen <strong>individuelles Coaching<\/strong> in Psychologie und positiver Erziehung, verschiedene <strong>interaktive Workshops<\/strong> zu beruflichen oder pers\u00f6nlichen Themen, <strong>Vortr\u00e4ge<\/strong> zu sensiblen Themen, mit denen Sie ein breites Publikum erreichen k\u00f6nnen, sowie professionelle Hilfe bei Ihren <strong>Forschungsprojekten<\/strong>, um Ihre Interventionen zu verbessern.<\/p>\n<p>[\/vc_column_text][vc_empty_space height=&#8220;50px&#8220;][\/vc_column][\/vc_row][vc_row full_width=&#8220;stretch_row&#8220; inverse=&#8220;&#8220; css=&#8220;.vc_custom_1619183381965{background-color: #f2f8f8 !important;}&#8220;][vc_column width=&#8220;1\/3&#8243;][vc_single_image image=&#8220;3234&#8243; img_size=&#8220;900&#215;600&#8243; alignment=&#8220;center&#8220; onclick=&#8220;custom_link&#8220; link=&#8220;https:\/\/positive-force.com\/ateliers\/&#8220; title=&#8220;Workshops&#8220;][vc_empty_space][vc_btn title=&#8220;Entdecken Sie die Workshops&#8220; style=&#8220;custom&#8220; custom_background=&#8220;#5bbfe4&#8243; custom_text=&#8220;#ffffff&#8220; align=&#8220;center&#8220; css=&#8220;.vc_custom_1619181995163{margin-bottom: 10px !important;border-bottom-width: 10px !important;padding-bottom: 10px !important;}&#8220; link=&#8220;url:https%3A%2F%2Fpositive-force.com%2Fateliers%2F|title:Workshops|&#8220;][\/vc_column][vc_column width=&#8220;1\/3&#8243;][vc_single_image image=&#8220;3235&#8243; img_size=&#8220;900&#215;600&#8243; alignment=&#8220;center&#8220; onclick=&#8220;custom_link&#8220; title=&#8220;Konferenzen&#8220; link=&#8220;https:\/\/positive-force.com\/conferences\/&#8220;][vc_empty_space][vc_btn title=&#8220;Entdecken Sie die Konferenzen&#8220; style=&#8220;custom&#8220; custom_background=&#8220;#5bbfe4&#8243; custom_text=&#8220;#ffffff&#8220; align=&#8220;center&#8220; css=&#8220;.vc_custom_1619182076798{margin-bottom: 10px !important;border-bottom-width: 10px !important;padding-bottom: 10px !important;}&#8220; link=&#8220;url:https%3A%2F%2Fpositive-force.com%2Fconferences%2F|title:Workshops|&#8220;][\/vc_column][vc_column width=&#8220;1\/3&#8243;][vc_single_image image=&#8220;3243&#8243; img_size=&#8220;900&#215;600&#8243; alignment=&#8220;center&#8220; onclick=&#8220;custom_link&#8220; title=&#8220;Forschungsprojekt&#8220; link=&#8220;https:\/\/positive-force.com\/projets-de-recherche\/&#8220;][vc_empty_space][vc_btn title=&#8220;Ihr Forschungsprojekt&#8220; style=&#8220;custom&#8220; custom_background=&#8220;#5bbfe4&#8243; custom_text=&#8220;#ffffff&#8220; align=&#8220;center&#8220; css=&#8220;.vc_custom_1619182089163{margin-bottom: 10px !important;border-bottom-width: 10px !important;padding-bottom: 10px !important;}&#8220; link=&#8220;url:https%3A%2F%2Fpositive-force.com%2Fprojets-de-recherche%2F|title:Workshops|&#8220;][\/vc_column][\/vc_row][vc_row inverse=&#8220;&#8220; css=&#8220;.vc_custom_1619183359246{background-color: #ffffff !important;}&#8220;][vc_column width=&#8220;1\/6&#8243;][\/vc_column][vc_column offset=&#8220;vc_col-lg-8 vc_col-md-12&#8243;]<div class=\"sc_section margin_top_null margin_bottom_large aligncenter\"><div class=\"sc_section_inner\"><div class=\"sc_section_content_wrap\"><h1 class=\"sc_title sc_title_regular sc_align_center\" style=\"````text-align:center;font-size:46px;\"><\/p>\n<h2 style=\"text-align: center;\">Wer bin ich?<\/h2>\n<p><\/h1><h4 class=\"sc_title sc_title_regular sc_align_center\" style=\"````text-align:center;\">Verf\u00fcgbar als Pr\u00e4senz- oder Onlinekurs<\/h4><div class=\"columns_wrap sc_columns columns_nofluid sc_columns_count_2 margin_top_large\"><div class=\"column-1_2 sc_column_item sc_column_item_1 odd first\">[vc_column_text]<\/p>\n<p style=\"font-size: 14px\";\"><strong>Hallo, ich bin Larissa Kalisch!<\/strong><\/p>\n<p>Ich habe einen Master I in Gesundheitspsychologie (Universit\u00e4t Paris Descartes), einen MSc in angewandter Positiver Psychologie von Anglia Ruskin und ein interuniversit\u00e4res Diplom \u00fcber genetische Krankheiten (Universit\u00e4t Paris).<\/p>\n<p>Meine 5 Hauptst\u00e4rken :<\/p>\n<p>Enthusiasmus<br \/>\nWohlwollen<br \/>\nKreativit\u00e4t<br \/>\nScharfsinn<br \/>\nEffektivit\u00e4t<\/p>\n<p>Gesprochene Sprachen :<\/p>\n<p>Franz\u00f6sisch<br \/>\nEnglisch<br \/>\nDeutsch[\/vc_column_text]<a href=\"https:\/\/positive-force.com\/qui-suis-je\/\" class=\"sc_button sc_button_square sc_button_style_border sc_button_size_small margin_top_medium margin_bottom_small\" style=\"````color:#ffffff;background-color:#5bbfe4; border-color:#5bbfe4;\">Erfahren Sie mehr \u00fcber meinen Werdegang!<\/a><div class=\"sc_section sc_section_block \"><div class=\"sc_section_inner\"><div class=\"sc_section_content_wrap\"><\/div><\/div><\/div><\/div><div class=\"column-1_2 sc_column_item sc_column_item_2 even\" style=\"text-align:right;\"><figure class=\"sc_image  sc_image_shape_square\"><img decoding=\"async\" src=\"https:\/\/positive-force.com\/wp-content\/uploads\/2021\/03\/larissa_PP.jpg\" alt=\"\" \/><\/figure><\/div><\/div><\/div><\/div><\/div>[vc_single_image image=&#8220;3686&#8243; img_size=&#8220;full&#8220; css=&#8220;&#8220;]<h1 class=\"sc_title sc_title_regular sc_align_center\" style=\"````text-align:center;\"><\/p>\n<h5 style=\"text-align: center;\"><span style=\"color: #3063ad;\">Sie vertrauen mir<br \/>\n<\/span><\/h5>\n<p><\/h1>[vc_images_carousel images=&#8220;3599,3596,3593,3635,3689&#8243; img_size=&#8220;full&#8220; onclick=&#8220;link_no&#8220; speed=&#8220;7000&#8243; slides_per_view=&#8220;3&#8243; autoplay=&#8220;yes&#8220; hide_pagination_control=&#8220;yes&#8220; wrap=&#8220;yes&#8220; css=&#8220;&#8220;][\/vc_column][\/vc_row][vc_row full_width=&#8220;stretch_row&#8220; css=&#8220;.vc_custom_1481382739652{background-image: url(https:\/\/positive-force.com\/wp-content\/uploads\/2016\/03\/bg1.jpg?id=332) !important;background-position: center !important;background-repeat: no-repeat !important;background-size: cover !important;}&#8220;][vc_column]<div class=\"sc_section margin_top_huge margin_bottom_large\" style=\"color:#3063ad;font-size:14px; line-height: 1.3em;\"><div class=\"sc_section_inner\"><div class=\"sc_section_content_wrap\"><h1 class=\"sc_title sc_title_regular sc_align_center\" style=\"text-align:center;\"><span style=\"color: #3063ad;\">Zufriedene Kunden<br \/>\n<\/span><\/h1><h3 class=\"sc_title sc_title_regular sc_align_center\" style=\"text-align:center;\"><span style=\"color: #3063ad;\">Erfahrungsberichte<\/span><\/h3><div class=\"sc_testimonials_wrap sc_section\" style=\"\"><div class=\"sc_section_overlay\" style=\"\"><div id=\"sc_testimonials_1101316886\" class=\"sc_testimonials sc_testimonials_style_testimonials-2  margin_top_large\" style=\"width:100%;\"><div class=\"sc_slider_swiper swiper-slider-container sc_slider_pagination sc_slider_pagination_bottom sc_slider_nocontrols\" data-interval=\"7059\" data-slides-per-view=\"2\" data-slides-space=\"30\" data-slides-min-width=\"250\"><div class=\"slides swiper-wrapper\"><div class=\"swiper-slide\" data-style=\"width:100%;\" style=\"width:100%;\">\t\t\t<div id=\"sc_testimonials_1101316886_1\" class=\"sc_testimonial_item\">\n\t\t\t\t<div class=\"sc_testimonial_content\"><p>Lina 11 Jahre, Workshop f\u00fcr Kinder und Jugendliche<\/p>\n<p>\"Sehr informativer und konstruktiver Workshop, sehr gut moderiert. Ich habe dort gelernt, meine St\u00e4rken zu entdecken und vergeben zu k\u00f6nnen. In diesem Workshop haben wir zum Teil sehr unterschiedliche Menschen kennengelernt, mit denen wir uns unterhalten und Spa\u00df haben konnten. Es war wirklich toll!\"<\/p>\n<\/div>\n\t\t\t\t\t\t\t<\/div>\n\t\t<\/div><div class=\"swiper-slide\" data-style=\"width:100%;\" style=\"width:100%;\">\t\t\t<div id=\"sc_testimonials_1101316886_2\" class=\"sc_testimonial_item\">\n\t\t\t\t<div class=\"sc_testimonial_content\"><p>Ich habe mich an Larissa gewandt, weil ich meinen Alltag strukturieren und mich gleichzeitig auf \"Selbstfindungsreise\" befand. Zu Beginn des Coachings f\u00fchlte ich mich \u00fcberfordert. Durch die Arbeit mit Larissa konnte ich eine klare Vision einer m\u00f6glichen Realit\u00e4t schaffen, die mich bereichert hat. Am Ende des Coachings f\u00fchlte ich mich selbstbewusster auf dem Weg, den ich gew\u00e4hlt hatte. Ich habe Dinge \u00fcber mich selbst gelernt, die mir vielleicht gar nicht bewusst waren. Ihre ruhige und offene Haltung war w\u00e4hrend des gesamten Prozesses eine Bereicherung f\u00fcr mich.<\/p>\n<\/div>\n\t\t\t\t\t\t\t<\/div>\n\t\t<\/div><\/div><div class=\"sc_slider_controls_wrap\"><a class=\"sc_slider_prev\" href=\"#\"><\/a><a class=\"sc_slider_next\" href=\"#\"><\/a><\/div><div class=\"sc_slider_pagination_wrap\"><\/div><\/div><\/div><\/div><\/div><\/div><\/div><\/div>[\/vc_column][\/vc_row]<\/p>\n<\/div>","protected":false},"excerpt":{"rendered":"<p>[vc_row full_width=&#8220;stretch_row&#8220; inverse=&#8220;&#8220; css=&#8220;.vc_custom_1619183305486{background-color: #ffffff !important;}&#8220;][vc_column][vc_empty_space height=&#8220;50px&#8220;][vc_column_text] Coaching ist keine Beratung oder Therapie. Es ist eine Begleitung bei Ver\u00e4nderungen, um Ihre pers\u00f6nlichen oder beruflichen Ziele zu erreichen. Erfahren Sie mehr [&hellip;]<\/p>\n","protected":false},"author":1,"featured_media":0,"parent":0,"menu_order":0,"comment_status":"closed","ping_status":"closed","template":"","meta":{"footnotes":""},"class_list":["post-3232","page","type-page","status-publish","hentry"],"yoast_head":"<!-- This site is optimized with the Yoast SEO plugin v27.4 - https:\/\/yoast.com\/product\/yoast-seo-wordpress\/ -->\n<title>Lassen Sie sich bei einer positiven Ver\u00e4nderung begleiten - Positive Force<\/title>\n<meta name=\"description\" content=\"Positive Force bietet Coaching und Begleitung f\u00fcr Einzelpersonen und Gruppen auf der Grundlage der positiven Psychologie an.\" \/>\n<meta name=\"robots\" content=\"index, follow, max-snippet:-1, max-image-preview:large, max-video-preview:-1\" \/>\n<link rel=\"canonical\" href=\"https:\/\/positive-force.com\/de\/\" \/>\n<meta property=\"og:locale\" content=\"de_DE\" \/>\n<meta property=\"og:type\" content=\"article\" \/>\n<meta property=\"og:title\" content=\"Lassen Sie sich bei einer positiven Ver\u00e4nderung begleiten - Positive Force\" \/>\n<meta property=\"og:description\" content=\"Positive Force bietet Coaching und Begleitung f\u00fcr Einzelpersonen und Gruppen auf der Grundlage der positiven Psychologie an.\" \/>\n<meta property=\"og:url\" content=\"https:\/\/positive-force.com\/de\/\" \/>\n<meta property=\"og:site_name\" content=\"Positive Force\" \/>\n<meta property=\"article:modified_time\" content=\"2024-09-03T12:56:10+00:00\" \/>\n<meta name=\"twitter:card\" content=\"summary_large_image\" \/>\n<meta name=\"twitter:label1\" content=\"Gesch\u00e4tzte Lesezeit\" \/>\n\t<meta name=\"twitter:data1\" content=\"2\u00a0Minuten\" \/>\n<script type=\"application\/ld+json\" class=\"yoast-schema-graph\">{\"@context\":\"https:\\\/\\\/schema.org\",\"@graph\":[{\"@type\":\"WebPage\",\"@id\":\"https:\\\/\\\/positive-force.com\\\/de\\\/\",\"url\":\"https:\\\/\\\/positive-force.com\\\/de\\\/\",\"name\":\"Lassen Sie sich bei einer positiven Ver\u00e4nderung begleiten - Positive Force\",\"isPartOf\":{\"@id\":\"https:\\\/\\\/positive-force.com\\\/de\\\/#website\"},\"datePublished\":\"2016-03-09T07:53:56+00:00\",\"dateModified\":\"2024-09-03T12:56:10+00:00\",\"description\":\"Positive Force bietet Coaching und Begleitung f\u00fcr Einzelpersonen und Gruppen auf der Grundlage der positiven Psychologie an.\",\"breadcrumb\":{\"@id\":\"https:\\\/\\\/positive-force.com\\\/de\\\/#breadcrumb\"},\"inLanguage\":\"de\",\"potentialAction\":[{\"@type\":\"ReadAction\",\"target\":[\"https:\\\/\\\/positive-force.com\\\/de\\\/\"]}]},{\"@type\":\"BreadcrumbList\",\"@id\":\"https:\\\/\\\/positive-force.com\\\/de\\\/#breadcrumb\",\"itemListElement\":[{\"@type\":\"ListItem\",\"position\":1,\"name\":\"Accueil\",\"item\":\"https:\\\/\\\/positive-force.com\\\/de\\\/\"},{\"@type\":\"ListItem\",\"position\":2,\"name\":\"Home\"}]},{\"@type\":\"WebSite\",\"@id\":\"https:\\\/\\\/positive-force.com\\\/de\\\/#website\",\"url\":\"https:\\\/\\\/positive-force.com\\\/de\\\/\",\"name\":\"Positive Force\",\"description\":\"\",\"publisher\":{\"@id\":\"https:\\\/\\\/positive-force.com\\\/de\\\/#organization\"},\"potentialAction\":[{\"@type\":\"SearchAction\",\"target\":{\"@type\":\"EntryPoint\",\"urlTemplate\":\"https:\\\/\\\/positive-force.com\\\/de\\\/?s={search_term_string}\"},\"query-input\":{\"@type\":\"PropertyValueSpecification\",\"valueRequired\":true,\"valueName\":\"search_term_string\"}}],\"inLanguage\":\"de\"},{\"@type\":\"Organization\",\"@id\":\"https:\\\/\\\/positive-force.com\\\/de\\\/#organization\",\"name\":\"Positive Force\",\"url\":\"https:\\\/\\\/positive-force.com\\\/de\\\/\",\"logo\":{\"@type\":\"ImageObject\",\"inLanguage\":\"de\",\"@id\":\"https:\\\/\\\/positive-force.com\\\/de\\\/#\\\/schema\\\/logo\\\/image\\\/\",\"url\":\"https:\\\/\\\/positive-force.com\\\/wp-content\\\/uploads\\\/2021\\\/05\\\/Positive-Force-Logo-RVB.png\",\"contentUrl\":\"https:\\\/\\\/positive-force.com\\\/wp-content\\\/uploads\\\/2021\\\/05\\\/Positive-Force-Logo-RVB.png\",\"width\":2362,\"height\":1068,\"caption\":\"Positive Force\"},\"image\":{\"@id\":\"https:\\\/\\\/positive-force.com\\\/de\\\/#\\\/schema\\\/logo\\\/image\\\/\"}}]}<\/script>\n<!-- \/ Yoast SEO plugin. -->","yoast_head_json":{"title":"Lassen Sie sich bei einer positiven Ver\u00e4nderung begleiten - Positive Force","description":"Positive Force bietet Coaching und Begleitung f\u00fcr Einzelpersonen und Gruppen auf der Grundlage der positiven Psychologie an.","robots":{"index":"index","follow":"follow","max-snippet":"max-snippet:-1","max-image-preview":"max-image-preview:large","max-video-preview":"max-video-preview:-1"},"canonical":"https:\/\/positive-force.com\/de\/","og_locale":"de_DE","og_type":"article","og_title":"Lassen Sie sich bei einer positiven Ver\u00e4nderung begleiten - Positive Force","og_description":"Positive Force bietet Coaching und Begleitung f\u00fcr Einzelpersonen und Gruppen auf der Grundlage der positiven Psychologie an.","og_url":"https:\/\/positive-force.com\/de\/","og_site_name":"Positive Force","article_modified_time":"2024-09-03T12:56:10+00:00","twitter_card":"summary_large_image","twitter_misc":{"Gesch\u00e4tzte Lesezeit":"2\u00a0Minuten"},"schema":{"@context":"https:\/\/schema.org","@graph":[{"@type":"WebPage","@id":"https:\/\/positive-force.com\/de\/","url":"https:\/\/positive-force.com\/de\/","name":"Lassen Sie sich bei einer positiven Ver\u00e4nderung begleiten - Positive Force","isPartOf":{"@id":"https:\/\/positive-force.com\/de\/#website"},"datePublished":"2016-03-09T07:53:56+00:00","dateModified":"2024-09-03T12:56:10+00:00","description":"Positive Force bietet Coaching und Begleitung f\u00fcr Einzelpersonen und Gruppen auf der Grundlage der positiven Psychologie an.","breadcrumb":{"@id":"https:\/\/positive-force.com\/de\/#breadcrumb"},"inLanguage":"de","potentialAction":[{"@type":"ReadAction","target":["https:\/\/positive-force.com\/de\/"]}]},{"@type":"BreadcrumbList","@id":"https:\/\/positive-force.com\/de\/#breadcrumb","itemListElement":[{"@type":"ListItem","position":1,"name":"Accueil","item":"https:\/\/positive-force.com\/de\/"},{"@type":"ListItem","position":2,"name":"Home"}]},{"@type":"WebSite","@id":"https:\/\/positive-force.com\/de\/#website","url":"https:\/\/positive-force.com\/de\/","name":"Positive Force","description":"","publisher":{"@id":"https:\/\/positive-force.com\/de\/#organization"},"potentialAction":[{"@type":"SearchAction","target":{"@type":"EntryPoint","urlTemplate":"https:\/\/positive-force.com\/de\/?s={search_term_string}"},"query-input":{"@type":"PropertyValueSpecification","valueRequired":true,"valueName":"search_term_string"}}],"inLanguage":"de"},{"@type":"Organization","@id":"https:\/\/positive-force.com\/de\/#organization","name":"Positive Force","url":"https:\/\/positive-force.com\/de\/","logo":{"@type":"ImageObject","inLanguage":"de","@id":"https:\/\/positive-force.com\/de\/#\/schema\/logo\/image\/","url":"https:\/\/positive-force.com\/wp-content\/uploads\/2021\/05\/Positive-Force-Logo-RVB.png","contentUrl":"https:\/\/positive-force.com\/wp-content\/uploads\/2021\/05\/Positive-Force-Logo-RVB.png","width":2362,"height":1068,"caption":"Positive Force"},"image":{"@id":"https:\/\/positive-force.com\/de\/#\/schema\/logo\/image\/"}}]}},"_links":{"self":[{"href":"https:\/\/positive-force.com\/de\/wp-json\/wp\/v2\/pages\/3232","targetHints":{"allow":["GET"]}}],"collection":[{"href":"https:\/\/positive-force.com\/de\/wp-json\/wp\/v2\/pages"}],"about":[{"href":"https:\/\/positive-force.com\/de\/wp-json\/wp\/v2\/types\/page"}],"author":[{"embeddable":true,"href":"https:\/\/positive-force.com\/de\/wp-json\/wp\/v2\/users\/1"}],"replies":[{"embeddable":true,"href":"https:\/\/positive-force.com\/de\/wp-json\/wp\/v2\/comments?post=3232"}],"version-history":[{"count":5,"href":"https:\/\/positive-force.com\/de\/wp-json\/wp\/v2\/pages\/3232\/revisions"}],"predecessor-version":[{"id":3747,"href":"https:\/\/positive-force.com\/de\/wp-json\/wp\/v2\/pages\/3232\/revisions\/3747"}],"wp:attachment":[{"href":"https:\/\/positive-force.com\/de\/wp-json\/wp\/v2\/media?parent=3232"}],"curies":[{"name":"wp","href":"https:\/\/api.w.org\/{rel}","templated":true}]}}