{"id":3229,"date":"2021-02-22T19:56:10","date_gmt":"2021-02-22T17:56:10","guid":{"rendered":"https:\/\/positive-force.com\/?page_id=3229"},"modified":"2024-09-23T09:44:09","modified_gmt":"2024-09-23T07:44:09","slug":"forschungsprojekte","status":"publish","type":"page","link":"https:\/\/positive-force.com\/de\/forschungsprojekte\/","title":{"rendered":"Forschungsprojekte"},"content":{"rendered":"<div class=\"wpb-content-wrapper\"><p>[vc_row][vc_column][vc_single_image image=&#8220;3230&#8243; img_size=&#8220;1440&#215;400&#8243;][vc_empty_space][\/vc_column][\/vc_row][vc_row scheme=&#8220;original&#8220; inverse=&#8220;&#8220;][vc_column]<h2 class=\"sc_title sc_title_regular sc_align_center\" style=\"text-align:center;\"><strong>Ihr Forschungsprojekt durchf\u00fchren\u00a0<\/strong><\/h2>[vc_empty_space][vc_column_text]Sie wollen ein Forschungsprojekt oder eine Marktstudie durchf\u00fchren, wissen aber nicht, wie Sie vorgehen sollen? Oder wollen Sie einfach nur einen wissenschaftlichen Kopf zur Verst\u00e4rkung Ihres Teams haben?[\/vc_column_text][vc_empty_space][vc_separator][\/vc_column][\/vc_row][vc_row][vc_column]<h2 class=\"sc_title sc_title_regular\"><\/p>\n<p style=\"text-align: center;\"><strong>Ein paar Referenzen<br \/>\n<\/strong><\/h2>[vc_single_image image=&#8220;3555&#8243; img_size=&#8220;full&#8220;][vc_empty_space][vc_empty_space]<div id=\"sc_tabs_361427484\" class=\"sc_tabs sc_tabs_style_1\" data-active=\"0\"><ul class=\"sc_tabs_titles\"><li class=\"sc_tabs_title first\"><a href=\"#sc_tab_1619194425_1_7300dc-126b\" class=\"theme_button\" id=\"sc_tab_1619194425_1_7300dc-126b_tab\">Wissenschaftliche Ver\u00f6ffentlichungen<\/a><\/li><li class=\"sc_tabs_title\"><a href=\"#sc_tab_1619194425_2_6400dc-126b\" class=\"theme_button\" id=\"sc_tab_1619194425_2_6400dc-126b_tab\">Forschungsprojekte \/ Marktforschung<\/a><\/li><li class=\"sc_tabs_title last\"><a href=\"#sc_tab_1619194467963_200dc-126b\" class=\"theme_button\" id=\"sc_tab_1619194467963_200dc-126b_tab\">Referate \/ Seminare<\/a><\/li><\/ul><div id=\"sc_tab_1619194425_1_7300dc-126b\" class=\"sc_tabs_content odd first\">[vc_column_text]<span style=\"color: #333399;\"><strong>WISSENSCHAFTLICHE ARTIKEL<\/strong><\/span><\/p>\n<ul>\n<li aria-level=\"1\">Boniwell, I., Osin, E., <strong>Kalisch, L.<\/strong>, Chabanne, J., &amp; Abou Zaki, L. (2023). SPARK Resilience in the workplace: Effectiveness of a brief online resilience intervention during the COVID-19 lockdown.\u00a0<i>PloS one<\/i>,\u00a0<i>18<\/i>(3), e0271753. https:\/\/doi.org\/10.1371\/journal.pone.0271753.<\/li>\n<li aria-level=\"1\">Baeza-Velasco, C., <b>Kalisch, L.<\/b>, Akrout, B., Besson, L., Hamonet, C., Messer, L., Mallick, A., &amp; Spielmann, L. (submitted for publication). Psychopathology in women with hypermobile Ehlers-Danlos syndrome: a comparative study with rheumatoid arthritis.<\/li>\n<li aria-level=\"1\"><strong>Kalisch, L.<\/strong>, Boniwell, I., Osin, E., &amp; Baeza-Velasco, C. (2022). Feeling Good Despite EDS: The Effects of a 5-Week Online Positive Psychology Programme for Ehlers-Danlos-Syndromes Patients.\u00a0<i>Journal of contemporary psychotherapy<\/i>,\u00a0<i>52<\/i>(1), 79\u201387. https:\/\/doi.org\/10.1007\/s10879-021-09521-8.<\/li>\n<li aria-level=\"1\">Besson, L., <strong>Kalisch, L.<\/strong>, &amp; Baeza-Velasco, C. (2020). \u00c9valuation multidimensionnelle de la douleur des femmes atteintes du syndrome d\u2019Ehlers-Danlos hypermobile: \u00e9tude comparative avec la polyarthrite rhumathoide. Kin\u00e9sith\u00e9rapie, la Revue, 20(224-225), 3-8.<\/li>\n<li aria-level=\"1\"><b>Kalisch, L<\/b>., Hamonet, C., Bourdon, C., Montalescot, L., de Cazotte, C., &amp; Baeza-Velasco, C. (2019). <a href=\"https:\/\/pubmed.ncbi.nlm.nih.gov\/31060411\/\" target=\"_blank\" rel=\"noopener\">Predictors of pain and mobility disability in the hypermobile Ehlers-Danlos syndrome<\/a>. <i>Disability and rehabilitation<\/i>, 1-8.<\/li>\n<\/ul>\n<p><strong><span style=\"color: #333399;\">BUCHKAPITEL<\/span><\/strong><\/p>\n<ul>\n<li><strong>Kalisch, L<\/strong>. &amp; Airs, L. (2023) Augmentation du sentiment d\u2019auto-efficacit\u00e9 et de la confiance en soi. Dans Baeza-Velasco, C. &amp; Bungener, C. (Eds) Mieux vivre avec la douleur chronique. Programme int\u00e9gratif de groupe en 12 s\u00e9ances. Louvain-la-Neuve, De Boeck Sup\u00e9rieur.<\/li>\n<li>Airs, L. &amp; <strong>Kalisch, L.<\/strong> (2023). Gestion des \u00e9motions n\u00e9gatives. Dans Baeza-Velasco, C. &amp; Bungener, C. (Eds) Mieux vivre avec la douleur chronique. Programme int\u00e9gratif de groupe en 12 s\u00e9ances. Louvain-la-Neuve, De Boeck Sup\u00e9rieur.<\/li>\n<li><strong>Kalisch, L.<\/strong> &amp; Airs, L. (2023) S\u00e9ance 9: Augmentation du sentiment d\u2019auto-efficacit\u00e9 et de la confiance en soi. Dans Baeza-Velasco, C. &amp; Bungener, C. (Eds) Mon programme pour mieux vivre avec la douleur chronique. 12 s\u00e9ances pour r\u00e9apprendre \u00e0 vivre pleinement. Louvain-la-Neuve, De Boeck Sup\u00e9rieur.<\/li>\n<li>Airs, L. &amp; <strong>Kalisch, L.<\/strong> (2023) S\u00e9ance 5: Gestion des \u00e9motions n\u00e9gatives. Dans Baeza-Velasco, C. &amp; Bungener, C. (Eds) Mon programme pour mieux vivre avec la douleur chronique. 12 s\u00e9ances pour r\u00e9apprendre \u00e0 vivre pleinement. Louvain-la-Neuve, De Boeck Sup\u00e9rieur.<\/li>\n<\/ul>\n<p>[\/vc_column_text]<\/div><div id=\"sc_tab_1619194425_2_6400dc-126b\" class=\"sc_tabs_content even\">[vc_column_text]<span style=\"text-decoration: underline;\">(Positive) Erziehung<\/span><\/p>\n<ul>\n<li aria-level=\"1\">Forschungsinstitut <i>SwissEducation <\/i>Emerita Prof. &amp; Dir. M. STAMM, Bern\n<ul>\n<li aria-level=\"2\">Projekt TARZAN (Vaterrolle in der schulischen Entwicklung der Kinder)<\/li>\n<li aria-level=\"2\">Projekt TalentScout60+ (L\u00e4ngschnittsstudie zur Talent- und Expertiseentwicklung von Senioren in Rente)<\/li>\n<\/ul>\n<\/li>\n<li aria-level=\"1\">P\u00e4dagogische Hochschule Bern, Dr. F. TEMPLER, Bern\n<ul>\n<li aria-level=\"2\">Projekt <i>SwissSkills <\/i>(Erfolgsfaktoren bei den Berufsmeisterschaften <b>)<\/b><\/li>\n<\/ul>\n<\/li>\n<li aria-level=\"1\">Marktforschung, <i>SwissSkills 2018<\/i> \u2013 Schweizer Berufsmeisterschaften<\/li>\n<\/ul>\n<p><span style=\"text-decoration: underline;\">(Positive) Psychologie\u00a0<\/span><\/p>\n<ul>\n<li>Forschungsprojekt SPARK R\u00e9silience \u00a9 f\u00fcr Psychologiestudierende<\/li>\n<li aria-level=\"1\">Forschungsprojekt SPARK R\u00e9silience \u00a9 w\u00e4hrend Covid-19 Lockdown (2020\/2021)<\/li>\n<li aria-level=\"1\">Europ\u00e4isches Forschungsprojekt BRIDGES \u2013 Vergleichsstudie zu den psychologischen Auswirkungen der Kommunikation des Brustkrebsrisikos in der Onkogenetik, Institut Curie (2016\/17)<\/li>\n<li aria-level=\"1\">Forschungsprojekt zur Verfolgung pers\u00f6nlicher Ziele, Prof. Veronica Brandst\u00e4tter-Morawietz, Universit\u00e4t Z\u00fcrich (2011\/12)<\/li>\n<\/ul>\n<p>[\/vc_column_text]<\/div><div id=\"sc_tab_1619194467963_200dc-126b\" class=\"sc_tabs_content odd\">[vc_column_text]<\/p>\n<ul>\n<li aria-level=\"1\">Ehlers-Danlos &#8211; Les pr\u00e9dicteurs de la douleur et des troubles de mobilit\u00e9. 5\u00e8me colloque universitaire International sur la maladie d\u2019Ehlers-Danlos. \u00c9cole nationale v\u00e9t\u00e9rinaire d\u2019Alfort, Paris, 26 octobre 2019.<\/li>\n<li aria-level=\"1\">Baeza-Velasco C, <b>Kalisch L<\/b>, Bourdon C, Montalescot L, de Cazotte C, Hamonet C. Pain intensity, physical functioning and associated factors in the hypermobile Ehlers-Danlos syndrome. 15th International Congress of Behavioral Medicine, Santiago de Chile, November 14-17, 2018.<\/li>\n<li aria-level=\"1\"><b>Kalisch L<\/b>, Hamonet C, Baeza-Velasco C. Psychosocial and health determinants of pain and physical functioning in the hypermobile Ehlers-Danlos syndrome. 4e Colloque International Syndrome d\u2019Ehlers-Danlos, Paris, 17 Mars 2018<\/li>\n<\/ul>\n<p>[\/vc_column_text]<\/div><\/div>[\/vc_column][\/vc_row][vc_row][vc_column][vc_empty_space][vc_column_text]<em>Als leidenschaftliche Forscherin in den Geistes- und Sozialwissenschaften ist Larissa Kalisch es gewohnt, wissenschaftliche Studien aufzusetzen und von Anfang bis Ende durchzuf\u00fchren (Schreiben von Artikeln, Berichten, Publikationen). Statistiken schrecken sie &#8211; dank ihrer strukturierten und geradlinigen Pers\u00f6nlichkeit, vergleichbar mit einer Schweizer Uhr &#8211; nicht ab.<\/em><\/p>\n<p><em>Sie interessiert sich besonders f\u00fcr Themen wie Lebensqualit\u00e4t und chronische Schmerzen, Interventionen der positiven Psychologie und positive Bildungsprogramme. <\/em>[\/vc_column_text][vc_empty_space][\/vc_column][\/vc_row][vc_row][vc_column]<h2 class=\"sc_title sc_title_regular\"><\/p>\n<p style=\"text-align: center;\"><strong>Profitieren Sie von meiner Unterst\u00fctzung bei Ihren Forschungsprojekten<\/strong><\/p>\n<p><\/h2><div class=\"sc_accordion\" data-active=\"0\"><div class=\"sc_accordion_item odd first\"><h5 class=\"sc_accordion_title\"><span class=\"sc_accordion_icon sc_accordion_icon_title icon-home\"><\/span><span class=\"sc_accordion_icon sc_accordion_icon_closed icon-plus\"><\/span><span class=\"sc_accordion_icon sc_accordion_icon_opened icon-minus\"><\/span><\/h5><div class=\"sc_accordion_content\">[vc_column_text css=&#8220;&#8220;]<div class='fluentform ff-default fluentform_wrapper_4 ffs_default_wrap'><form data-form_id=\"4\" id=\"fluentform_4\" class=\"frm-fluent-form fluent_form_4 ff-el-form-top ff_form_instance_4_1 ff-form-loading ff_has_v3_recptcha ffs_default\" data-form_instance=\"ff_form_instance_4_1\" method=\"POST\" data-recptcha_key=\"6LfQj8opAAAAAIHMySyo89Ouovt0IQmD2WjiRElw\" ><fieldset  style=\"border: none!important;margin: 0!important;padding: 0!important;background-color: transparent!important;box-shadow: none!important;outline: none!important; min-inline-size: 100%;\">\n                    <legend class=\"ff_screen_reader_title\" style=\"display: block; margin: 0!important;padding: 0!important;height: 0!important;text-indent: -999999px;width: 0!important;overflow:hidden;\">GERMAN<\/legend><p style=\"display: none !important;\" class=\"akismet-fields-container\" data-prefix=\"ak_\"><label>&#916;<textarea name=\"ak_hp_textarea\" cols=\"45\" rows=\"8\" maxlength=\"100\"><\/textarea><\/label><input type=\"hidden\" id=\"ak_js_1\" name=\"ak_js\" value=\"91\"\/><script type=\"text\/javascript\">\n\/* <![CDATA[ *\/\ndocument.getElementById( \"ak_js_1\" ).setAttribute( \"value\", ( new Date() ).getTime() );\n\/* ]]> *\/\n<\/script>\n<\/p><input type='hidden' name='__fluent_form_embded_post_id' value='3229' \/><input type=\"hidden\" id=\"_fluentform_4_fluentformnonce\" name=\"_fluentform_4_fluentformnonce\" value=\"efb518e418\" \/><input type=\"hidden\" name=\"_wp_http_referer\" value=\"\/de\/wp-json\/wp\/v2\/pages\/3229\" \/><div data-type=\"name-element\" data-name=\"names\" class=\" ff-field_container ff-name-field-wrapper\" ><div class='ff-t-container'><div class='ff-t-cell '><div class='ff-el-group'><div class=\"ff-el-input--label asterisk-right\"><label for='ff_4_names_first_name_' id='label_ff_4_names_first_name_' >Vorname<\/label><\/div><div class='ff-el-input--content'><input type=\"text\" name=\"names[first_name]\" id=\"ff_4_names_first_name_\" class=\"ff-el-form-control\" placeholder=\"Vorname\" aria-invalid=\"false\" aria-required=false><\/div><\/div><\/div><div class='ff-t-cell '><div class='ff-el-group'><div class=\"ff-el-input--label asterisk-right\"><label for='ff_4_names_last_name_' id='label_ff_4_names_last_name_' >Nachname<\/label><\/div><div class='ff-el-input--content'><input type=\"text\" name=\"names[last_name]\" id=\"ff_4_names_last_name_\" class=\"ff-el-form-control\" placeholder=\"Nachname\" aria-invalid=\"false\" aria-required=false><\/div><\/div><\/div><\/div><\/div><div class='ff-el-group'><div class=\"ff-el-input--label ff-el-is-required asterisk-right\"><label for='ff_4_email' id='label_ff_4_email' aria-label=\"Email\">Email<\/label><\/div><div class='ff-el-input--content'><input type=\"email\" name=\"email\" id=\"ff_4_email\" class=\"ff-el-form-control\" placeholder=\"Email\" data-name=\"email\"  aria-invalid=\"false\" aria-required=true><\/div><\/div><div class='ff-el-group'><div class=\"ff-el-input--label asterisk-right\"><label for='ff_4_subject' id='label_ff_4_subject' aria-label=\"Betreff\">Betreff<\/label><\/div><div class='ff-el-input--content'><input type=\"text\" name=\"subject\" class=\"ff-el-form-control\" placeholder=\"Betreff\" data-name=\"subject\" id=\"ff_4_subject\"  aria-invalid=\"false\" aria-required=false><\/div><\/div><div class='ff-el-group'><div class=\"ff-el-input--label ff-el-is-required asterisk-right\"><label for='ff_4_message' id='label_ff_4_message' aria-label=\"Ihre Nachricht\">Ihre Nachricht<\/label><\/div><div class='ff-el-input--content'><textarea aria-required=\"true\" aria-labelledby=\"label_ff_4_message\" name=\"message\" id=\"ff_4_message\" class=\"ff-el-form-control\" placeholder=\"Ihre Nachricht\" rows=\"4\" cols=\"2\" data-name=\"message\" ><\/textarea><\/div><\/div><div class='ff-el-group ff-text-left ff_submit_btn_wrapper'><button type=\"submit\" class=\"ff-btn ff-btn-submit ff-btn-md ff_btn_style\"  aria-label=\"Nachricht senden\">Nachricht senden<\/button><\/div><\/fieldset><\/form><div id='fluentform_4_errors' class='ff-errors-in-stack ff_form_instance_4_1 ff-form-loading_errors ff_form_instance_4_1_errors'><\/div><\/div>            <script type=\"text\/javascript\">\n                window.fluent_form_ff_form_instance_4_1 = {\"id\":\"4\",\"ajaxUrl\":\"https:\\\/\\\/positive-force.com\\\/wp-admin\\\/admin-ajax.php\",\"settings\":{\"layout\":{\"labelPlacement\":\"top\",\"helpMessagePlacement\":\"with_label\",\"errorMessagePlacement\":\"inline\",\"cssClassName\":\"\",\"asteriskPlacement\":\"asterisk-right\"},\"restrictions\":{\"denyEmptySubmission\":{\"enabled\":false}}},\"form_instance\":\"ff_form_instance_4_1\",\"form_id_selector\":\"fluentform_4\",\"rules\":{\"names[first_name]\":{\"required\":{\"value\":false,\"message\":\"Dieses Feld ist erforderlich\",\"global\":true,\"global_message\":\"Ce champ est obligatoire\"}},\"names[middle_name]\":{\"required\":{\"value\":false,\"message\":\"Dieses Feld ist erforderlich\",\"global\":true,\"global_message\":\"Ce champ est obligatoire\"}},\"names[last_name]\":{\"required\":{\"value\":false,\"message\":\"Dieses Feld ist erforderlich\",\"global\":true,\"global_message\":\"Ce champ est obligatoire\"}},\"email\":{\"required\":{\"value\":true,\"message\":\"Dieses Feld ist erforderlich\",\"global\":false,\"global_message\":\"Ce champ est obligatoire\"},\"email\":{\"value\":true,\"message\":\"Dieses Feld muss eine g\\u00fcltige E-Mail enthalten\",\"global\":false,\"global_message\":\"Ce champ doit contenir un e-mail valide\"}},\"subject\":{\"required\":{\"value\":false,\"message\":\"Dieses Feld ist erforderlich\",\"global\":true,\"global_message\":\"Ce champ est obligatoire\"}},\"message\":{\"required\":{\"value\":true,\"message\":\"Dieses Feld ist erforderlich\",\"global\":false,\"global_message\":\"Ce champ est obligatoire\"}},\"g-recaptcha-response\":[]},\"debounce_time\":300};\n                            <\/script>\n            [\/vc_column_text]<\/div><\/div><\/div>[\/vc_column][\/vc_row][vc_row][vc_column][\/vc_column][\/vc_row]<\/p>\n<\/div>","protected":false},"excerpt":{"rendered":"<p>[vc_row][vc_column][vc_single_image image=&#8220;3230&#8243; img_size=&#8220;1440&#215;400&#8243;][vc_empty_space][\/vc_column][\/vc_row][vc_row scheme=&#8220;original&#8220; inverse=&#8220;&#8220;][vc_column][vc_empty_space][vc_column_text]Sie wollen ein Forschungsprojekt oder eine Marktstudie durchf\u00fchren, wissen aber nicht, wie Sie vorgehen sollen? Oder wollen Sie einfach nur einen wissenschaftlichen Kopf zur Verst\u00e4rkung Ihres [&hellip;]<\/p>\n","protected":false},"author":990003,"featured_media":0,"parent":0,"menu_order":0,"comment_status":"closed","ping_status":"closed","template":"","meta":{"footnotes":""},"class_list":["post-3229","page","type-page","status-publish","hentry"],"yoast_head":"<!-- This site is optimized with the Yoast SEO plugin v27.4 - https:\/\/yoast.com\/product\/yoast-seo-wordpress\/ -->\n<title>Forschungsprojekte - Positive Force<\/title>\n<meta name=\"robots\" content=\"index, follow, max-snippet:-1, max-image-preview:large, max-video-preview:-1\" \/>\n<link rel=\"canonical\" href=\"https:\/\/positive-force.com\/de\/forschungsprojekte\/\" \/>\n<meta property=\"og:locale\" content=\"de_DE\" \/>\n<meta property=\"og:type\" content=\"article\" \/>\n<meta property=\"og:title\" content=\"Forschungsprojekte - Positive Force\" \/>\n<meta property=\"og:description\" content=\"[vc_row][vc_column][vc_single_image image=&#8220;3230&#8243; img_size=&#8220;1440&#215;400&#8243;][vc_empty_space][\/vc_column][\/vc_row][vc_row scheme=&#8220;original&#8220; inverse=&#8220;&#8220;][vc_column][vc_empty_space][vc_column_text]Sie wollen ein Forschungsprojekt oder eine Marktstudie durchf\u00fchren, wissen aber nicht, wie Sie vorgehen sollen? Oder wollen Sie einfach nur einen wissenschaftlichen Kopf zur Verst\u00e4rkung Ihres [&hellip;]\" \/>\n<meta property=\"og:url\" content=\"https:\/\/positive-force.com\/de\/forschungsprojekte\/\" \/>\n<meta property=\"og:site_name\" content=\"Positive Force\" \/>\n<meta property=\"article:modified_time\" content=\"2024-09-23T07:44:09+00:00\" \/>\n<meta name=\"twitter:card\" content=\"summary_large_image\" \/>\n<meta name=\"twitter:label1\" content=\"Gesch\u00e4tzte Lesezeit\" \/>\n\t<meta name=\"twitter:data1\" content=\"4\u00a0Minuten\" \/>\n<script type=\"application\/ld+json\" class=\"yoast-schema-graph\">{\"@context\":\"https:\\\/\\\/schema.org\",\"@graph\":[{\"@type\":\"WebPage\",\"@id\":\"https:\\\/\\\/positive-force.com\\\/de\\\/forschungsprojekte\\\/\",\"url\":\"https:\\\/\\\/positive-force.com\\\/de\\\/forschungsprojekte\\\/\",\"name\":\"Forschungsprojekte - Positive Force\",\"isPartOf\":{\"@id\":\"https:\\\/\\\/positive-force.com\\\/de\\\/#website\"},\"datePublished\":\"2021-02-22T17:56:10+00:00\",\"dateModified\":\"2024-09-23T07:44:09+00:00\",\"breadcrumb\":{\"@id\":\"https:\\\/\\\/positive-force.com\\\/de\\\/forschungsprojekte\\\/#breadcrumb\"},\"inLanguage\":\"de\",\"potentialAction\":[{\"@type\":\"ReadAction\",\"target\":[\"https:\\\/\\\/positive-force.com\\\/de\\\/forschungsprojekte\\\/\"]}]},{\"@type\":\"BreadcrumbList\",\"@id\":\"https:\\\/\\\/positive-force.com\\\/de\\\/forschungsprojekte\\\/#breadcrumb\",\"itemListElement\":[{\"@type\":\"ListItem\",\"position\":1,\"name\":\"Accueil\",\"item\":\"https:\\\/\\\/positive-force.com\\\/de\\\/\"},{\"@type\":\"ListItem\",\"position\":2,\"name\":\"Forschungsprojekte\"}]},{\"@type\":\"WebSite\",\"@id\":\"https:\\\/\\\/positive-force.com\\\/de\\\/#website\",\"url\":\"https:\\\/\\\/positive-force.com\\\/de\\\/\",\"name\":\"Positive Force\",\"description\":\"\",\"publisher\":{\"@id\":\"https:\\\/\\\/positive-force.com\\\/de\\\/#organization\"},\"potentialAction\":[{\"@type\":\"SearchAction\",\"target\":{\"@type\":\"EntryPoint\",\"urlTemplate\":\"https:\\\/\\\/positive-force.com\\\/de\\\/?s={search_term_string}\"},\"query-input\":{\"@type\":\"PropertyValueSpecification\",\"valueRequired\":true,\"valueName\":\"search_term_string\"}}],\"inLanguage\":\"de\"},{\"@type\":\"Organization\",\"@id\":\"https:\\\/\\\/positive-force.com\\\/de\\\/#organization\",\"name\":\"Positive Force\",\"url\":\"https:\\\/\\\/positive-force.com\\\/de\\\/\",\"logo\":{\"@type\":\"ImageObject\",\"inLanguage\":\"de\",\"@id\":\"https:\\\/\\\/positive-force.com\\\/de\\\/#\\\/schema\\\/logo\\\/image\\\/\",\"url\":\"https:\\\/\\\/positive-force.com\\\/wp-content\\\/uploads\\\/2021\\\/05\\\/Positive-Force-Logo-RVB.png\",\"contentUrl\":\"https:\\\/\\\/positive-force.com\\\/wp-content\\\/uploads\\\/2021\\\/05\\\/Positive-Force-Logo-RVB.png\",\"width\":2362,\"height\":1068,\"caption\":\"Positive Force\"},\"image\":{\"@id\":\"https:\\\/\\\/positive-force.com\\\/de\\\/#\\\/schema\\\/logo\\\/image\\\/\"}}]}<\/script>\n<!-- \/ Yoast SEO plugin. -->","yoast_head_json":{"title":"Forschungsprojekte - Positive Force","robots":{"index":"index","follow":"follow","max-snippet":"max-snippet:-1","max-image-preview":"max-image-preview:large","max-video-preview":"max-video-preview:-1"},"canonical":"https:\/\/positive-force.com\/de\/forschungsprojekte\/","og_locale":"de_DE","og_type":"article","og_title":"Forschungsprojekte - Positive Force","og_description":"[vc_row][vc_column][vc_single_image image=&#8220;3230&#8243; img_size=&#8220;1440&#215;400&#8243;][vc_empty_space][\/vc_column][\/vc_row][vc_row scheme=&#8220;original&#8220; inverse=&#8220;&#8220;][vc_column][vc_empty_space][vc_column_text]Sie wollen ein Forschungsprojekt oder eine Marktstudie durchf\u00fchren, wissen aber nicht, wie Sie vorgehen sollen? Oder wollen Sie einfach nur einen wissenschaftlichen Kopf zur Verst\u00e4rkung Ihres [&hellip;]","og_url":"https:\/\/positive-force.com\/de\/forschungsprojekte\/","og_site_name":"Positive Force","article_modified_time":"2024-09-23T07:44:09+00:00","twitter_card":"summary_large_image","twitter_misc":{"Gesch\u00e4tzte Lesezeit":"4\u00a0Minuten"},"schema":{"@context":"https:\/\/schema.org","@graph":[{"@type":"WebPage","@id":"https:\/\/positive-force.com\/de\/forschungsprojekte\/","url":"https:\/\/positive-force.com\/de\/forschungsprojekte\/","name":"Forschungsprojekte - Positive Force","isPartOf":{"@id":"https:\/\/positive-force.com\/de\/#website"},"datePublished":"2021-02-22T17:56:10+00:00","dateModified":"2024-09-23T07:44:09+00:00","breadcrumb":{"@id":"https:\/\/positive-force.com\/de\/forschungsprojekte\/#breadcrumb"},"inLanguage":"de","potentialAction":[{"@type":"ReadAction","target":["https:\/\/positive-force.com\/de\/forschungsprojekte\/"]}]},{"@type":"BreadcrumbList","@id":"https:\/\/positive-force.com\/de\/forschungsprojekte\/#breadcrumb","itemListElement":[{"@type":"ListItem","position":1,"name":"Accueil","item":"https:\/\/positive-force.com\/de\/"},{"@type":"ListItem","position":2,"name":"Forschungsprojekte"}]},{"@type":"WebSite","@id":"https:\/\/positive-force.com\/de\/#website","url":"https:\/\/positive-force.com\/de\/","name":"Positive Force","description":"","publisher":{"@id":"https:\/\/positive-force.com\/de\/#organization"},"potentialAction":[{"@type":"SearchAction","target":{"@type":"EntryPoint","urlTemplate":"https:\/\/positive-force.com\/de\/?s={search_term_string}"},"query-input":{"@type":"PropertyValueSpecification","valueRequired":true,"valueName":"search_term_string"}}],"inLanguage":"de"},{"@type":"Organization","@id":"https:\/\/positive-force.com\/de\/#organization","name":"Positive Force","url":"https:\/\/positive-force.com\/de\/","logo":{"@type":"ImageObject","inLanguage":"de","@id":"https:\/\/positive-force.com\/de\/#\/schema\/logo\/image\/","url":"https:\/\/positive-force.com\/wp-content\/uploads\/2021\/05\/Positive-Force-Logo-RVB.png","contentUrl":"https:\/\/positive-force.com\/wp-content\/uploads\/2021\/05\/Positive-Force-Logo-RVB.png","width":2362,"height":1068,"caption":"Positive Force"},"image":{"@id":"https:\/\/positive-force.com\/de\/#\/schema\/logo\/image\/"}}]}},"_links":{"self":[{"href":"https:\/\/positive-force.com\/de\/wp-json\/wp\/v2\/pages\/3229","targetHints":{"allow":["GET"]}}],"collection":[{"href":"https:\/\/positive-force.com\/de\/wp-json\/wp\/v2\/pages"}],"about":[{"href":"https:\/\/positive-force.com\/de\/wp-json\/wp\/v2\/types\/page"}],"author":[{"embeddable":true,"href":"https:\/\/positive-force.com\/de\/wp-json\/wp\/v2\/users\/990003"}],"replies":[{"embeddable":true,"href":"https:\/\/positive-force.com\/de\/wp-json\/wp\/v2\/comments?post=3229"}],"version-history":[{"count":5,"href":"https:\/\/positive-force.com\/de\/wp-json\/wp\/v2\/pages\/3229\/revisions"}],"predecessor-version":[{"id":3755,"href":"https:\/\/positive-force.com\/de\/wp-json\/wp\/v2\/pages\/3229\/revisions\/3755"}],"wp:attachment":[{"href":"https:\/\/positive-force.com\/de\/wp-json\/wp\/v2\/media?parent=3229"}],"curies":[{"name":"wp","href":"https:\/\/api.w.org\/{rel}","templated":true}]}}