{"id":3220,"date":"2021-02-22T19:55:51","date_gmt":"2021-02-22T17:55:51","guid":{"rendered":"https:\/\/positive-force.com\/?page_id=3220"},"modified":"2024-09-23T09:43:30","modified_gmt":"2024-09-23T07:43:30","slug":"referate","status":"publish","type":"page","link":"https:\/\/positive-force.com\/de\/referate\/","title":{"rendered":"Referate"},"content":{"rendered":"<div class=\"wpb-content-wrapper\"><p>[vc_row][vc_column][vc_single_image image=&#8220;3228&#8243; img_size=&#8220;1400&#215;389&#8243; alignment=&#8220;center&#8220;][vc_empty_space][\/vc_column][\/vc_row][vc_row scheme=&#8220;original&#8220; inverse=&#8220;&#8220;][vc_column]<h2 class=\"sc_title sc_title_regular sc_align_center\" style=\"text-align:center;\"><span style=\"color: #3063ad;\"><strong>Referate &#8211; eine M\u00f6glichkeit um ein gr\u00f6sseres Publikum zu sensibiliseren<\/strong><\/span><\/h2>[vc_column_text css=&#8220;.vc_custom_1644179951450{border-top-width: 10px !important;}&#8220;]<\/p>\n<p style=\"text-align: center;\">Die Vortr\u00e4ge, die ich anbiete, zielen darauf ab, eine breitere \u00d6ffentlichkeit zu sensibilisieren, indem sie Wissen zu einem Thema pr\u00e4sentieren und eine Zeit f\u00fcr Austausch und Fragen anbieten. Alle Themen werden aus dem Blickwinkel der positiven Psychologie betrachtet.<\/p>\n<p style=\"text-align: center;\"><strong>Es stehen mehrere Referatthemen zur Auswahl:<\/strong><\/p>\n<ul>\n<li style=\"text-align: left;\">Positive Psychologie im Sport: Wie und warum wird sie angewendet<\/li>\n<li style=\"text-align: left;\">Enkelin eines Holocaust-\u00dcberlebenden und positive Psychologie<\/li>\n<li style=\"text-align: left;\">Ethische und psychologische Fragen des genetischen Fortschritts: der aktuelle Stand der Dinge<\/li>\n<li style=\"text-align: left;\">Auf dem Weg zu positiver Erziehung und Elternschaft? Einf\u00fchrung in die Schl\u00fcsselkonzepte<\/li>\n<li style=\"text-align: left;\">Wie motiviert man junge Lernende?<\/li>\n<\/ul>\n<p>[\/vc_column_text][vc_empty_space][\/vc_column][\/vc_row][vc_row][vc_column][vc_empty_space][vc_single_image image=&#8220;3224&#8243; img_size=&#8220;1440&#215;400&#8243;][vc_tta_accordion active_section=&#8220;0&#8243; no_fill=&#8220;true&#8220;][vc_tta_section title=&#8220;Positive Psychologie im Sport: Wie und warum wird sie angewendet?&#8220; tab_id=&#8220;1618232817087-eb9f975d-075772c1-a5ad&#8220;][vc_column_text]Neben der k\u00f6rperlichen Fitness und der sportlichen Perfektion ist das mentale Training VOR, W\u00c4HREND und NACH einem Wettkampf ein wichtiges Element f\u00fcr Hochleistungssportler. Es geht darum, die eigene Einstellung und mentale Barrieren wie hohe Erwartungen, Versagens\u00e4ngste, mangelnde emotionale Kontrolle und Aufmerksamkeit zu erkennen und durch \u00dcbungen zu \u00fcberwinden. Die Steigerung des psychischen Wohlbefindens sowie die Entspannung, ein zentrales Konzept der Positiven Psychologie, sollten nicht vernachl\u00e4ssigt werden, im Gegenteil! Aktuelle Forschungsergebnisse zeigen deutlich, wie Leistung und allgemeine Gesundheit durch das pers\u00f6nliche Wohlbefinden beeinflusst werden k\u00f6nnen.<\/p>\n<p>Dieses Referat bietet einen \u00dcberblick \u00fcber die wichtigsten Konzepte der Positiven Psychologie und deren Anwendung im Bereich des Sports. Folgende Themen k\u00f6nnen besprochen werden: Motivation, Leidenschaft, St\u00e4rken, Optimismus, Achtsamkeit, Selbstbild, etc.[\/vc_column_text][\/vc_tta_section][\/vc_tta_accordion][\/vc_column][\/vc_row][vc_row][vc_column][vc_single_image image=&#8220;3225&#8243; img_size=&#8220;1440&#215;400&#8243;][vc_tta_accordion active_section=&#8220;0&#8243; no_fill=&#8220;true&#8220;][vc_tta_section title=&#8220;Positive Psychologie und der Holocaust: Meine Geschichte&#8220; tab_id=&#8220;1618233124884-528be7ac-588e72c1-a5ad&#8220;][vc_column_text]Holocaust-\u00dcberlebende werden immer seltener. Umso wichtiger ist es, ihre Geschichten \u00fcber die Generationen hinweg weiterzugeben, damit sich solche Grausamkeiten nicht wiederholen. Mein Gro\u00dfvater war ein extrem starker, widerstandsf\u00e4higer Mensch und eine Inspiration f\u00fcr viele.<\/p>\n<p>Diese Konferenz bietet Anekdoten aus dem Leben eines KZ-\u00dcberlebenden aus der Perspektive der Positiven Psychologie, indem sie die folgenden Themen ber\u00fchrt: den Sinn des Lebens, Optimismus, Resilienz, Dankbarkeit.[\/vc_column_text][\/vc_tta_section][\/vc_tta_accordion][\/vc_column][\/vc_row][vc_row][vc_column][vc_single_image image=&#8220;3227&#8243; img_size=&#8220;1440&#215;401&#8243;][vc_tta_accordion active_section=&#8220;0&#8243;][vc_tta_section title=&#8220;Ethische und psychologische Fragen des genetischen Fortschritts: der aktuelle Stand der Dinge&#8220; tab_id=&#8220;1618233167353-5f5b27f4-a02472c1-a5ad&#8220;][vc_column_text]Die Forschung in der Medizin, insbesondere in der Genetik, schreitet mit gro\u00dfer Geschwindigkeit voran. Heute ist die Entschl\u00fcsselung des gesamten menschlichen Genoms m\u00f6glich. Pr\u00e4natales und pr\u00e4symptomatisches Screening (vor dem Auftreten der ersten Symptome) werden immer h\u00e4ufiger durchgef\u00fchrt. Es steht viel auf dem Spiel:<\/p>\n<p>\u25cf Bald kann das &#8222;Traumkind&#8220; im Labor gezeugt werden, aber wo sind die ethischen Grenzen? Wird die nat\u00fcrliche Auslese verschwinden?<br \/>\n\u25cf Die Schuld eines Elternteils, der die Krankheit auf sein Kind \u00fcbertragen hat?<br \/>\n\u25cf Die Ank\u00fcndigung einer fortschreitenden genetischen Erkrankung, wie soll man sein Berufs- und Familienleben neu ausrichten, wenn man wei\u00df, dass sich der Gesundheitszustand verschlechtern wird?<\/p>\n<p>Dieses Referat bietet einen \u00dcberblick \u00fcber die Fortschritte in der Genetik und beleuchtet die psychologischen und ethischen Fragen. Es w\u00e4re zu ehrgeizig, diese existenziellen Fragen beantworten zu wollen, aber dieser Vortrag er\u00f6ffnet das Feld der Reflexion.[\/vc_column_text][\/vc_tta_section][\/vc_tta_accordion][\/vc_column][\/vc_row][vc_row][vc_column][vc_single_image image=&#8220;3222&#8243; img_size=&#8220;1440&#215;400&#8243;][vc_tta_accordion active_section=&#8220;0&#8243;][vc_tta_section title=&#8220;Auf dem Weg zu positiver Erziehung und Elternschaft? Einf\u00fchrung in die wichtigsten Konzepte&#8220; tab_id=&#8220;1618233211637-8809627a-832072c1-a5ad&#8220;][vc_column_text]Autorit\u00e4re oder strafende Erziehung war im 20. Jahrhundert. Heute wissen wir, dass die Strategie von Zuckerbrot und Peitsche nicht sehr effektiv ist. Lesen, Schreiben und Naturwissenschaften lernen, um ein effizienter B\u00fcrger zu werden, ist Schnee von gestern. In unserer instabilen, unsicheren, globalisierten Welt reichen diese akademischen F\u00e4higkeiten nicht mehr aus. Positive Erziehung integriert die Entwicklung von &#8222;soft-skills&#8220; in die Erziehung von Kindern.<\/p>\n<p>Dieses Referat bietet eine Einf\u00fchrung in die Schl\u00fcsselkonzepte der Positiven Psychologie, angewandt auf Erziehung und Elternschaft.[\/vc_column_text][\/vc_tta_section][\/vc_tta_accordion][\/vc_column][\/vc_row][vc_row][vc_column][vc_single_image image=&#8220;3223&#8243; img_size=&#8220;1440&#215;400&#8243;][vc_tta_accordion active_section=&#8220;0&#8243;][vc_tta_section title=&#8220;Wie motiviert man junge Lernende?&#8220; tab_id=&#8220;1618233211026-09ae8124-8b9372c1-a5ad&#8220;][vc_column_text]Ob es sich um mangelnde Motivation in der Schule oder einfach nur um fehlende Energie im Alltag handelt, Teenager erleben alle manchmal Momente der Apathie oder schlechter Stimmung. F\u00fcr Partys, Feiern, soziale Netzwerke; alles was unmittelbares aber fl\u00fcchtiges Vergn\u00fcgen bereitet, finden sie oft Motivation. Als Eltern oder Lehrer w\u00fcnschten wir, wir h\u00e4tten eine magische Formel, um in diesen jungen Menschen, die vielleicht faul erscheinen, etwas Begeisterung auszul\u00f6sen.<\/p>\n<p>Das Geheimnis der Motivation? Sicherstellen, dass die Jugendlichen darin einen Gewinn sehen: etwas, das sie interessiert, das sie gebrauchen k\u00f6nnen oder das eine gr\u00f6ssere Bedeutung hat.<\/p>\n<p>Dieses Referat gibt einen \u00dcberblick \u00fcber die wichtigsten Motivationstheorien und deren Anwendung auf das Lernen.[\/vc_column_text][\/vc_tta_section][\/vc_tta_accordion][\/vc_column][\/vc_row][vc_row][vc_column]<h2 class=\"sc_title sc_title_regular margin_top_null margin_right_null margin_bottom_null margin_left_null\" style=\"color:#3063ad;\"><\/p>\n<p style=\"text-align: center;\"><span style=\"color: #3063ad;\"><strong>Kontaktformular<\/strong><\/span><\/p>\n<p><\/h2>[vc_column_text][\/vc_column_text][\/vc_column][\/vc_row][vc_row][vc_column]<div class=\"sc_accordion\" data-active=\"0\"><div class=\"sc_accordion_item odd first\"><h5 class=\"sc_accordion_title\"><span class=\"sc_accordion_icon sc_accordion_icon_title icon-home\"><\/span><span class=\"sc_accordion_icon sc_accordion_icon_closed icon-plus\"><\/span><span class=\"sc_accordion_icon sc_accordion_icon_opened icon-minus\"><\/span><\/h5><div class=\"sc_accordion_content\">[vc_column_text css=&#8220;&#8220;]<div class='fluentform ff-default fluentform_wrapper_4 ffs_default_wrap'><form data-form_id=\"4\" id=\"fluentform_4\" class=\"frm-fluent-form fluent_form_4 ff-el-form-top ff_form_instance_4_1 ff-form-loading ff_has_v3_recptcha ffs_default\" data-form_instance=\"ff_form_instance_4_1\" method=\"POST\" data-recptcha_key=\"6LfQj8opAAAAAIHMySyo89Ouovt0IQmD2WjiRElw\" ><fieldset  style=\"border: none!important;margin: 0!important;padding: 0!important;background-color: transparent!important;box-shadow: none!important;outline: none!important; min-inline-size: 100%;\">\n                    <legend class=\"ff_screen_reader_title\" style=\"display: block; margin: 0!important;padding: 0!important;height: 0!important;text-indent: -999999px;width: 0!important;overflow:hidden;\">GERMAN<\/legend><p style=\"display: none !important;\" class=\"akismet-fields-container\" data-prefix=\"ak_\"><label>&#916;<textarea name=\"ak_hp_textarea\" cols=\"45\" rows=\"8\" maxlength=\"100\"><\/textarea><\/label><input type=\"hidden\" id=\"ak_js_1\" name=\"ak_js\" value=\"61\"\/><script>document.getElementById( \"ak_js_1\" ).setAttribute( \"value\", ( new Date() ).getTime() );<\/script><\/p><input type='hidden' name='__fluent_form_embded_post_id' value='3220' \/><input type=\"hidden\" id=\"_fluentform_4_fluentformnonce\" name=\"_fluentform_4_fluentformnonce\" value=\"e187a0151f\" \/><input type=\"hidden\" name=\"_wp_http_referer\" value=\"\/de\/wp-json\/wp\/v2\/pages\/3220\" \/><div data-type=\"name-element\" data-name=\"names\" class=\" ff-field_container ff-name-field-wrapper\" ><div class='ff-t-container'><div class='ff-t-cell '><div class='ff-el-group'><div class=\"ff-el-input--label asterisk-right\"><label for='ff_4_names_first_name_' id='label_ff_4_names_first_name_' >Vorname<\/label><\/div><div class='ff-el-input--content'><input type=\"text\" name=\"names[first_name]\" id=\"ff_4_names_first_name_\" class=\"ff-el-form-control\" placeholder=\"Vorname\" aria-invalid=\"false\" aria-required=false><\/div><\/div><\/div><div class='ff-t-cell '><div class='ff-el-group'><div class=\"ff-el-input--label asterisk-right\"><label for='ff_4_names_last_name_' id='label_ff_4_names_last_name_' >Nachname<\/label><\/div><div class='ff-el-input--content'><input type=\"text\" name=\"names[last_name]\" id=\"ff_4_names_last_name_\" class=\"ff-el-form-control\" placeholder=\"Nachname\" aria-invalid=\"false\" aria-required=false><\/div><\/div><\/div><\/div><\/div><div class='ff-el-group'><div class=\"ff-el-input--label ff-el-is-required asterisk-right\"><label for='ff_4_email' id='label_ff_4_email' aria-label=\"Email\">Email<\/label><\/div><div class='ff-el-input--content'><input type=\"email\" name=\"email\" id=\"ff_4_email\" class=\"ff-el-form-control\" placeholder=\"Email\" data-name=\"email\"  aria-invalid=\"false\" aria-required=true><\/div><\/div><div class='ff-el-group'><div class=\"ff-el-input--label asterisk-right\"><label for='ff_4_subject' id='label_ff_4_subject' aria-label=\"Betreff\">Betreff<\/label><\/div><div class='ff-el-input--content'><input type=\"text\" name=\"subject\" class=\"ff-el-form-control\" placeholder=\"Betreff\" data-name=\"subject\" id=\"ff_4_subject\"  aria-invalid=\"false\" aria-required=false><\/div><\/div><div class='ff-el-group'><div class=\"ff-el-input--label ff-el-is-required asterisk-right\"><label for='ff_4_message' id='label_ff_4_message' aria-label=\"Ihre Nachricht\">Ihre Nachricht<\/label><\/div><div class='ff-el-input--content'><textarea aria-required=\"true\" aria-labelledby=\"label_ff_4_message\" name=\"message\" id=\"ff_4_message\" class=\"ff-el-form-control\" placeholder=\"Ihre Nachricht\" rows=\"4\" cols=\"2\" data-name=\"message\" ><\/textarea><\/div><\/div><div class='ff-el-group ff-text-left ff_submit_btn_wrapper'><button type=\"submit\" class=\"ff-btn ff-btn-submit ff-btn-md ff_btn_style\"  aria-label=\"Nachricht senden\">Nachricht senden<\/button><\/div><\/fieldset><\/form><div id='fluentform_4_errors' class='ff-errors-in-stack ff_form_instance_4_1 ff-form-loading_errors ff_form_instance_4_1_errors'><\/div><\/div>            <script type=\"text\/javascript\">\n                window.fluent_form_ff_form_instance_4_1 = {\"id\":\"4\",\"ajaxUrl\":\"https:\\\/\\\/positive-force.com\\\/wp-admin\\\/admin-ajax.php\",\"settings\":{\"layout\":{\"labelPlacement\":\"top\",\"helpMessagePlacement\":\"with_label\",\"errorMessagePlacement\":\"inline\",\"cssClassName\":\"\",\"asteriskPlacement\":\"asterisk-right\"},\"restrictions\":{\"denyEmptySubmission\":{\"enabled\":false}}},\"form_instance\":\"ff_form_instance_4_1\",\"form_id_selector\":\"fluentform_4\",\"rules\":{\"names[first_name]\":{\"required\":{\"value\":false,\"message\":\"Dieses Feld ist erforderlich\",\"global\":true,\"global_message\":\"Ce champ est obligatoire\"}},\"names[middle_name]\":{\"required\":{\"value\":false,\"message\":\"Dieses Feld ist erforderlich\",\"global\":true,\"global_message\":\"Ce champ est obligatoire\"}},\"names[last_name]\":{\"required\":{\"value\":false,\"message\":\"Dieses Feld ist erforderlich\",\"global\":true,\"global_message\":\"Ce champ est obligatoire\"}},\"email\":{\"required\":{\"value\":true,\"message\":\"Dieses Feld ist erforderlich\",\"global\":false,\"global_message\":\"Ce champ est obligatoire\"},\"email\":{\"value\":true,\"message\":\"Dieses Feld muss eine g\\u00fcltige E-Mail enthalten\",\"global\":false,\"global_message\":\"Ce champ doit contenir un e-mail valide\"}},\"subject\":{\"required\":{\"value\":false,\"message\":\"Dieses Feld ist erforderlich\",\"global\":true,\"global_message\":\"Ce champ est obligatoire\"}},\"message\":{\"required\":{\"value\":true,\"message\":\"Dieses Feld ist erforderlich\",\"global\":false,\"global_message\":\"Ce champ est obligatoire\"}},\"g-recaptcha-response\":[]},\"debounce_time\":300};\n                            <\/script>\n            [\/vc_column_text]<\/div><\/div><\/div>[\/vc_column][\/vc_row]<\/p>\n<\/div>","protected":false},"excerpt":{"rendered":"<p>[vc_row][vc_column][vc_single_image image=&#8220;3228&#8243; img_size=&#8220;1400&#215;389&#8243; alignment=&#8220;center&#8220;][vc_empty_space][\/vc_column][\/vc_row][vc_row scheme=&#8220;original&#8220; inverse=&#8220;&#8220;][vc_column][vc_column_text css=&#8220;.vc_custom_1644179951450{border-top-width: 10px !important;}&#8220;] Die Vortr\u00e4ge, die ich anbiete, zielen darauf ab, eine breitere \u00d6ffentlichkeit zu sensibilisieren, indem sie Wissen zu einem Thema pr\u00e4sentieren und [&hellip;]<\/p>\n","protected":false},"author":990003,"featured_media":0,"parent":0,"menu_order":0,"comment_status":"closed","ping_status":"closed","template":"","meta":{"footnotes":""},"class_list":["post-3220","page","type-page","status-publish","hentry"],"yoast_head":"<!-- This site is optimized with the Yoast SEO plugin v27.4 - https:\/\/yoast.com\/product\/yoast-seo-wordpress\/ -->\n<title>Referate - Positive Force<\/title>\n<meta name=\"robots\" content=\"index, follow, max-snippet:-1, max-image-preview:large, max-video-preview:-1\" \/>\n<link rel=\"canonical\" href=\"https:\/\/positive-force.com\/de\/referate\/\" \/>\n<meta property=\"og:locale\" content=\"de_DE\" \/>\n<meta property=\"og:type\" content=\"article\" \/>\n<meta property=\"og:title\" content=\"Referate - Positive Force\" \/>\n<meta property=\"og:description\" content=\"[vc_row][vc_column][vc_single_image image=&#8220;3228&#8243; img_size=&#8220;1400&#215;389&#8243; alignment=&#8220;center&#8220;][vc_empty_space][\/vc_column][\/vc_row][vc_row scheme=&#8220;original&#8220; inverse=&#8220;&#8220;][vc_column][vc_column_text css=&#8220;.vc_custom_1644179951450{border-top-width: 10px !important;}&#8220;] Die Vortr\u00e4ge, die ich anbiete, zielen darauf ab, eine breitere \u00d6ffentlichkeit zu sensibilisieren, indem sie Wissen zu einem Thema pr\u00e4sentieren und [&hellip;]\" \/>\n<meta property=\"og:url\" content=\"https:\/\/positive-force.com\/de\/referate\/\" \/>\n<meta property=\"og:site_name\" content=\"Positive Force\" \/>\n<meta property=\"article:modified_time\" content=\"2024-09-23T07:43:30+00:00\" \/>\n<meta name=\"twitter:card\" content=\"summary_large_image\" \/>\n<meta name=\"twitter:label1\" content=\"Gesch\u00e4tzte Lesezeit\" \/>\n\t<meta name=\"twitter:data1\" content=\"4\u00a0Minuten\" \/>\n<script type=\"application\/ld+json\" class=\"yoast-schema-graph\">{\"@context\":\"https:\\\/\\\/schema.org\",\"@graph\":[{\"@type\":\"WebPage\",\"@id\":\"https:\\\/\\\/positive-force.com\\\/de\\\/referate\\\/\",\"url\":\"https:\\\/\\\/positive-force.com\\\/de\\\/referate\\\/\",\"name\":\"Referate - Positive Force\",\"isPartOf\":{\"@id\":\"https:\\\/\\\/positive-force.com\\\/de\\\/#website\"},\"datePublished\":\"2021-02-22T17:55:51+00:00\",\"dateModified\":\"2024-09-23T07:43:30+00:00\",\"breadcrumb\":{\"@id\":\"https:\\\/\\\/positive-force.com\\\/de\\\/referate\\\/#breadcrumb\"},\"inLanguage\":\"de\",\"potentialAction\":[{\"@type\":\"ReadAction\",\"target\":[\"https:\\\/\\\/positive-force.com\\\/de\\\/referate\\\/\"]}]},{\"@type\":\"BreadcrumbList\",\"@id\":\"https:\\\/\\\/positive-force.com\\\/de\\\/referate\\\/#breadcrumb\",\"itemListElement\":[{\"@type\":\"ListItem\",\"position\":1,\"name\":\"Accueil\",\"item\":\"https:\\\/\\\/positive-force.com\\\/de\\\/\"},{\"@type\":\"ListItem\",\"position\":2,\"name\":\"Referate\"}]},{\"@type\":\"WebSite\",\"@id\":\"https:\\\/\\\/positive-force.com\\\/de\\\/#website\",\"url\":\"https:\\\/\\\/positive-force.com\\\/de\\\/\",\"name\":\"Positive Force\",\"description\":\"\",\"publisher\":{\"@id\":\"https:\\\/\\\/positive-force.com\\\/de\\\/#organization\"},\"potentialAction\":[{\"@type\":\"SearchAction\",\"target\":{\"@type\":\"EntryPoint\",\"urlTemplate\":\"https:\\\/\\\/positive-force.com\\\/de\\\/?s={search_term_string}\"},\"query-input\":{\"@type\":\"PropertyValueSpecification\",\"valueRequired\":true,\"valueName\":\"search_term_string\"}}],\"inLanguage\":\"de\"},{\"@type\":\"Organization\",\"@id\":\"https:\\\/\\\/positive-force.com\\\/de\\\/#organization\",\"name\":\"Positive Force\",\"url\":\"https:\\\/\\\/positive-force.com\\\/de\\\/\",\"logo\":{\"@type\":\"ImageObject\",\"inLanguage\":\"de\",\"@id\":\"https:\\\/\\\/positive-force.com\\\/de\\\/#\\\/schema\\\/logo\\\/image\\\/\",\"url\":\"https:\\\/\\\/positive-force.com\\\/wp-content\\\/uploads\\\/2021\\\/05\\\/Positive-Force-Logo-RVB.png\",\"contentUrl\":\"https:\\\/\\\/positive-force.com\\\/wp-content\\\/uploads\\\/2021\\\/05\\\/Positive-Force-Logo-RVB.png\",\"width\":2362,\"height\":1068,\"caption\":\"Positive Force\"},\"image\":{\"@id\":\"https:\\\/\\\/positive-force.com\\\/de\\\/#\\\/schema\\\/logo\\\/image\\\/\"}}]}<\/script>\n<!-- \/ Yoast SEO plugin. -->","yoast_head_json":{"title":"Referate - Positive Force","robots":{"index":"index","follow":"follow","max-snippet":"max-snippet:-1","max-image-preview":"max-image-preview:large","max-video-preview":"max-video-preview:-1"},"canonical":"https:\/\/positive-force.com\/de\/referate\/","og_locale":"de_DE","og_type":"article","og_title":"Referate - Positive Force","og_description":"[vc_row][vc_column][vc_single_image image=&#8220;3228&#8243; img_size=&#8220;1400&#215;389&#8243; alignment=&#8220;center&#8220;][vc_empty_space][\/vc_column][\/vc_row][vc_row scheme=&#8220;original&#8220; inverse=&#8220;&#8220;][vc_column][vc_column_text css=&#8220;.vc_custom_1644179951450{border-top-width: 10px !important;}&#8220;] Die Vortr\u00e4ge, die ich anbiete, zielen darauf ab, eine breitere \u00d6ffentlichkeit zu sensibilisieren, indem sie Wissen zu einem Thema pr\u00e4sentieren und [&hellip;]","og_url":"https:\/\/positive-force.com\/de\/referate\/","og_site_name":"Positive Force","article_modified_time":"2024-09-23T07:43:30+00:00","twitter_card":"summary_large_image","twitter_misc":{"Gesch\u00e4tzte Lesezeit":"4\u00a0Minuten"},"schema":{"@context":"https:\/\/schema.org","@graph":[{"@type":"WebPage","@id":"https:\/\/positive-force.com\/de\/referate\/","url":"https:\/\/positive-force.com\/de\/referate\/","name":"Referate - Positive Force","isPartOf":{"@id":"https:\/\/positive-force.com\/de\/#website"},"datePublished":"2021-02-22T17:55:51+00:00","dateModified":"2024-09-23T07:43:30+00:00","breadcrumb":{"@id":"https:\/\/positive-force.com\/de\/referate\/#breadcrumb"},"inLanguage":"de","potentialAction":[{"@type":"ReadAction","target":["https:\/\/positive-force.com\/de\/referate\/"]}]},{"@type":"BreadcrumbList","@id":"https:\/\/positive-force.com\/de\/referate\/#breadcrumb","itemListElement":[{"@type":"ListItem","position":1,"name":"Accueil","item":"https:\/\/positive-force.com\/de\/"},{"@type":"ListItem","position":2,"name":"Referate"}]},{"@type":"WebSite","@id":"https:\/\/positive-force.com\/de\/#website","url":"https:\/\/positive-force.com\/de\/","name":"Positive Force","description":"","publisher":{"@id":"https:\/\/positive-force.com\/de\/#organization"},"potentialAction":[{"@type":"SearchAction","target":{"@type":"EntryPoint","urlTemplate":"https:\/\/positive-force.com\/de\/?s={search_term_string}"},"query-input":{"@type":"PropertyValueSpecification","valueRequired":true,"valueName":"search_term_string"}}],"inLanguage":"de"},{"@type":"Organization","@id":"https:\/\/positive-force.com\/de\/#organization","name":"Positive Force","url":"https:\/\/positive-force.com\/de\/","logo":{"@type":"ImageObject","inLanguage":"de","@id":"https:\/\/positive-force.com\/de\/#\/schema\/logo\/image\/","url":"https:\/\/positive-force.com\/wp-content\/uploads\/2021\/05\/Positive-Force-Logo-RVB.png","contentUrl":"https:\/\/positive-force.com\/wp-content\/uploads\/2021\/05\/Positive-Force-Logo-RVB.png","width":2362,"height":1068,"caption":"Positive Force"},"image":{"@id":"https:\/\/positive-force.com\/de\/#\/schema\/logo\/image\/"}}]}},"_links":{"self":[{"href":"https:\/\/positive-force.com\/de\/wp-json\/wp\/v2\/pages\/3220","targetHints":{"allow":["GET"]}}],"collection":[{"href":"https:\/\/positive-force.com\/de\/wp-json\/wp\/v2\/pages"}],"about":[{"href":"https:\/\/positive-force.com\/de\/wp-json\/wp\/v2\/types\/page"}],"author":[{"embeddable":true,"href":"https:\/\/positive-force.com\/de\/wp-json\/wp\/v2\/users\/990003"}],"replies":[{"embeddable":true,"href":"https:\/\/positive-force.com\/de\/wp-json\/wp\/v2\/comments?post=3220"}],"version-history":[{"count":5,"href":"https:\/\/positive-force.com\/de\/wp-json\/wp\/v2\/pages\/3220\/revisions"}],"predecessor-version":[{"id":3754,"href":"https:\/\/positive-force.com\/de\/wp-json\/wp\/v2\/pages\/3220\/revisions\/3754"}],"wp:attachment":[{"href":"https:\/\/positive-force.com\/de\/wp-json\/wp\/v2\/media?parent=3220"}],"curies":[{"name":"wp","href":"https:\/\/api.w.org\/{rel}","templated":true}]}}